{"id":78,"date":"2020-09-02T11:44:04","date_gmt":"2020-09-02T09:44:04","guid":{"rendered":"http:\/\/standardypjm.pl\/?page_id=78"},"modified":"2021-04-13T17:47:43","modified_gmt":"2021-04-13T15:47:43","slug":"centrum-komunikacji-dla-gluchych-i-slaboslyszacych","status":"publish","type":"page","link":"https:\/\/standardypjm.pl\/?page_id=78&lang=pl_PL","title":{"rendered":"Centrum Komunikacji dla G\u0142uchych i S\u0142abos\u0142ysz\u0105cych"},"content":{"rendered":"<p class=\"has-text-align-center\"><img decoding=\"async\" width=\"150\" height=\"83\" class=\"wp-image-86\" style=\"width: 150px;\" src=\"http:\/\/standardypjm.pl\/wp-content\/uploads\/2020\/09\/shh.png\" alt=\"\"\/><\/p>\n<p><strong>Centrum Komunikacji dla G\u0142uchych i S\u0142abos\u0142ysz\u0105cych <\/strong>jest  instytucj\u0105 rz\u0105dow\u0105 powo\u0142an\u0105 na mocy ustawy nr 129\/1990 i rozporz\u0105dzenia  nr 1058\/2003 w celu badania islandzkiego j\u0119zyka migowego (\u00cdTM),  nauczania \u00cdTM, \u015bwiadczenia us\u0142ug t\u0142umaczeniowych i innych powi\u0105zanych  us\u0142ug, takich jak konsultacje dotycz\u0105ce nabywania i uczenia si\u0119 \u00cdTM oraz  opracowanie materia\u0142\u00f3w edukacyjnych w \u00cdTM. <\/p>\n<p>Strona internetowa Centrum Komunikacji dla G\u0142uchych i S\u0142abos\u0142ysz\u0105cych: <a href=\"https:\/\/www.shh.is\">www.shh.is<\/a> <\/p>\n<figure class=\"wp-block-video\"><video controls src=\"https:\/\/standardypjm.pl\/wp-content\/uploads\/2021\/04\/Centrum-komunikacyjne.mp4\"><\/video><\/figure>\n","protected":false},"excerpt":{"rendered":"<p><!-- wp:paragraph {\"align\":\"center\"} --><\/p>\n<p class=\"has-text-align-center\"><img decoding=\"async\" width=\"150\" height=\"83\" class=\"wp-image-86\" style=\"width: 150px;\" src=\"http:\/\/standardypjm.pl\/wp-content\/uploads\/2020\/09\/shh.png\" alt=\"\"><\/p>\n<p><!-- \/wp:paragraph --><\/p>\n<p><!-- wp:paragraph --><\/p>\n<p><str...\n<\/p>\n","protected":false},"author":1,"featured_media":0,"parent":0,"menu_order":0,"comment_status":"closed","ping_status":"closed","template":"","meta":{"footnotes":""},"class_list":["post-78","page","type-page","status-publish","hentry"],"yoast_head":"<!-- This site is optimized with the Yoast SEO plugin v23.8 - https:\/\/yoast.com\/wordpress\/plugins\/seo\/ -->\n<title>Centrum Komunikacji dla G\u0142uchych i S\u0142abos\u0142ysz\u0105cych - Standardy Edukacyjne dla polskiego j\u0119zyka migowego<\/title>\n<meta name=\"robots\" content=\"index, follow, max-snippet:-1, max-image-preview:large, max-video-preview:-1\" \/>\n<link rel=\"canonical\" href=\"https:\/\/standardypjm.pl\/?page_id=78&lang=pl_PL\" \/>\n<meta property=\"og:locale\" content=\"pl_PL\" \/>\n<meta property=\"og:type\" content=\"article\" \/>\n<meta property=\"og:title\" content=\"Centrum Komunikacji dla G\u0142uchych i S\u0142abos\u0142ysz\u0105cych - Standardy Edukacyjne dla polskiego j\u0119zyka migowego\" \/>\n<meta property=\"og:url\" content=\"https:\/\/standardypjm.pl\/?page_id=78&amp;lang=pl_PL\" \/>\n<meta property=\"og:site_name\" content=\"Standardy Edukacyjne dla polskiego j\u0119zyka migowego\" \/>\n<meta property=\"article:modified_time\" content=\"2021-04-13T15:47:43+00:00\" \/>\n<meta property=\"og:image\" content=\"http:\/\/standardypjm.pl\/wp-content\/uploads\/2020\/09\/shh.png\" \/>\n<meta name=\"twitter:card\" content=\"summary_large_image\" \/>\n<script type=\"application\/ld+json\" class=\"yoast-schema-graph\">{\"@context\":\"https:\/\/schema.org\",\"@graph\":[{\"@type\":\"WebPage\",\"@id\":\"https:\/\/standardypjm.pl\/?page_id=78&lang=pl_PL\",\"url\":\"https:\/\/standardypjm.pl\/?page_id=78&lang=pl_PL\",\"name\":\"Centrum Komunikacji dla G\u0142uchych i S\u0142abos\u0142ysz\u0105cych - Standardy Edukacyjne dla polskiego j\u0119zyka migowego\",\"isPartOf\":{\"@id\":\"https:\/\/standardypjm.pl\/?lang=pl_PL\/#website\"},\"primaryImageOfPage\":{\"@id\":\"https:\/\/standardypjm.pl\/?page_id=78&lang=pl_PL#primaryimage\"},\"image\":{\"@id\":\"https:\/\/standardypjm.pl\/?page_id=78&lang=pl_PL#primaryimage\"},\"thumbnailUrl\":\"http:\/\/standardypjm.pl\/wp-content\/uploads\/2020\/09\/shh.png\",\"datePublished\":\"2020-09-02T09:44:04+00:00\",\"dateModified\":\"2021-04-13T15:47:43+00:00\",\"breadcrumb\":{\"@id\":\"https:\/\/standardypjm.pl\/?page_id=78&lang=pl_PL#breadcrumb\"},\"inLanguage\":\"pl-PL\",\"potentialAction\":[{\"@type\":\"ReadAction\",\"target\":[\"https:\/\/standardypjm.pl\/?page_id=78&lang=pl_PL\"]}]},{\"@type\":\"ImageObject\",\"inLanguage\":\"pl-PL\",\"@id\":\"https:\/\/standardypjm.pl\/?page_id=78&lang=pl_PL#primaryimage\",\"url\":\"https:\/\/standardypjm.pl\/wp-content\/uploads\/2020\/09\/shh.png\",\"contentUrl\":\"https:\/\/standardypjm.pl\/wp-content\/uploads\/2020\/09\/shh.png\",\"width\":199,\"height\":110},{\"@type\":\"BreadcrumbList\",\"@id\":\"https:\/\/standardypjm.pl\/?page_id=78&lang=pl_PL#breadcrumb\",\"itemListElement\":[{\"@type\":\"ListItem\",\"position\":1,\"name\":\"Home\",\"item\":\"https:\/\/standardypjm.pl\/?lang=pl_PL\"},{\"@type\":\"ListItem\",\"position\":2,\"name\":\"Centrum Komunikacji dla G\u0142uchych i S\u0142abos\u0142ysz\u0105cych\"}]},{\"@type\":\"WebSite\",\"@id\":\"https:\/\/standardypjm.pl\/?lang=pl_PL\/#website\",\"url\":\"https:\/\/standardypjm.pl\/?lang=pl_PL\/\",\"name\":\"Standardy Edukacyjne dla polskiego j\u0119zyka migowego\",\"description\":\"\",\"potentialAction\":[{\"@type\":\"SearchAction\",\"target\":{\"@type\":\"EntryPoint\",\"urlTemplate\":\"https:\/\/standardypjm.pl\/?lang=pl_PL\/?s={search_term_string}\"},\"query-input\":{\"@type\":\"PropertyValueSpecification\",\"valueRequired\":true,\"valueName\":\"search_term_string\"}}],\"inLanguage\":\"pl-PL\"}]}<\/script>\n<!-- \/ Yoast SEO plugin. -->","yoast_head_json":{"title":"Centrum Komunikacji dla G\u0142uchych i S\u0142abos\u0142ysz\u0105cych - Standardy Edukacyjne dla polskiego j\u0119zyka migowego","robots":{"index":"index","follow":"follow","max-snippet":"max-snippet:-1","max-image-preview":"max-image-preview:large","max-video-preview":"max-video-preview:-1"},"canonical":"https:\/\/standardypjm.pl\/?page_id=78&lang=pl_PL","og_locale":"pl_PL","og_type":"article","og_title":"Centrum Komunikacji dla G\u0142uchych i S\u0142abos\u0142ysz\u0105cych - Standardy Edukacyjne dla polskiego j\u0119zyka migowego","og_url":"https:\/\/standardypjm.pl\/?page_id=78&lang=pl_PL","og_site_name":"Standardy Edukacyjne dla polskiego j\u0119zyka migowego","article_modified_time":"2021-04-13T15:47:43+00:00","og_image":[{"url":"http:\/\/standardypjm.pl\/wp-content\/uploads\/2020\/09\/shh.png"}],"twitter_card":"summary_large_image","schema":{"@context":"https:\/\/schema.org","@graph":[{"@type":"WebPage","@id":"https:\/\/standardypjm.pl\/?page_id=78&lang=pl_PL","url":"https:\/\/standardypjm.pl\/?page_id=78&lang=pl_PL","name":"Centrum Komunikacji dla G\u0142uchych i S\u0142abos\u0142ysz\u0105cych - Standardy Edukacyjne dla polskiego j\u0119zyka migowego","isPartOf":{"@id":"https:\/\/standardypjm.pl\/?lang=pl_PL\/#website"},"primaryImageOfPage":{"@id":"https:\/\/standardypjm.pl\/?page_id=78&lang=pl_PL#primaryimage"},"image":{"@id":"https:\/\/standardypjm.pl\/?page_id=78&lang=pl_PL#primaryimage"},"thumbnailUrl":"http:\/\/standardypjm.pl\/wp-content\/uploads\/2020\/09\/shh.png","datePublished":"2020-09-02T09:44:04+00:00","dateModified":"2021-04-13T15:47:43+00:00","breadcrumb":{"@id":"https:\/\/standardypjm.pl\/?page_id=78&lang=pl_PL#breadcrumb"},"inLanguage":"pl-PL","potentialAction":[{"@type":"ReadAction","target":["https:\/\/standardypjm.pl\/?page_id=78&lang=pl_PL"]}]},{"@type":"ImageObject","inLanguage":"pl-PL","@id":"https:\/\/standardypjm.pl\/?page_id=78&lang=pl_PL#primaryimage","url":"https:\/\/standardypjm.pl\/wp-content\/uploads\/2020\/09\/shh.png","contentUrl":"https:\/\/standardypjm.pl\/wp-content\/uploads\/2020\/09\/shh.png","width":199,"height":110},{"@type":"BreadcrumbList","@id":"https:\/\/standardypjm.pl\/?page_id=78&lang=pl_PL#breadcrumb","itemListElement":[{"@type":"ListItem","position":1,"name":"Home","item":"https:\/\/standardypjm.pl\/?lang=pl_PL"},{"@type":"ListItem","position":2,"name":"Centrum Komunikacji dla G\u0142uchych i S\u0142abos\u0142ysz\u0105cych"}]},{"@type":"WebSite","@id":"https:\/\/standardypjm.pl\/?lang=pl_PL\/#website","url":"https:\/\/standardypjm.pl\/?lang=pl_PL\/","name":"Standardy Edukacyjne dla polskiego j\u0119zyka migowego","description":"","potentialAction":[{"@type":"SearchAction","target":{"@type":"EntryPoint","urlTemplate":"https:\/\/standardypjm.pl\/?lang=pl_PL\/?s={search_term_string}"},"query-input":{"@type":"PropertyValueSpecification","valueRequired":true,"valueName":"search_term_string"}}],"inLanguage":"pl-PL"}]}},"_links":{"self":[{"href":"https:\/\/standardypjm.pl?lang=pl_PL%2Findex.php&rest_route=\/wp\/v2\/pages\/78"}],"collection":[{"href":"https:\/\/standardypjm.pl?lang=pl_PL%2Findex.php&rest_route=\/wp\/v2\/pages"}],"about":[{"href":"https:\/\/standardypjm.pl?lang=pl_PL%2Findex.php&rest_route=\/wp\/v2\/types\/page"}],"author":[{"embeddable":true,"href":"https:\/\/standardypjm.pl?lang=pl_PL%2Findex.php&rest_route=\/wp\/v2\/users\/1"}],"replies":[{"embeddable":true,"href":"https:\/\/standardypjm.pl?lang=pl_PL%2Findex.php&rest_route=%2Fwp%2Fv2%2Fcomments&post=78"}],"version-history":[{"count":12,"href":"https:\/\/standardypjm.pl?lang=pl_PL%2Findex.php&rest_route=\/wp\/v2\/pages\/78\/revisions"}],"predecessor-version":[{"id":316,"href":"https:\/\/standardypjm.pl?lang=pl_PL%2Findex.php&rest_route=\/wp\/v2\/pages\/78\/revisions\/316"}],"wp:attachment":[{"href":"https:\/\/standardypjm.pl?lang=pl_PL%2Findex.php&rest_route=%2Fwp%2Fv2%2Fmedia&parent=78"}],"curies":[{"name":"wp","href":"https:\/\/api.w.org\/{rel}","templated":true}]}}