{"id":73,"date":"2020-09-02T11:40:27","date_gmt":"2020-09-02T09:40:27","guid":{"rendered":"http:\/\/standardypjm.pl\/?page_id=73"},"modified":"2021-04-13T17:50:20","modified_gmt":"2021-04-13T15:50:20","slug":"pracownia-lingwistyki-migowej-wydzial-polonistyki-uniwersytet-warszawski","status":"publish","type":"page","link":"https:\/\/standardypjm.pl\/?page_id=73&lang=pl_PL","title":{"rendered":"Pracownia lingwistyki migowej, Wydzia\u0142 Polonistyki, Uniwersytet Warszawski"},"content":{"rendered":"<p class=\"has-text-align-center\"><img decoding=\"async\" width=\"150\" height=\"63\" class=\"wp-image-89\" style=\"width: 150px;\" src=\"http:\/\/standardypjm.pl\/wp-content\/uploads\/2020\/09\/PLM-Logo-2.png\" alt=\"\" srcset=\"https:\/\/standardypjm.pl\/wp-content\/uploads\/2020\/09\/PLM-Logo-2.png 1352w, https:\/\/standardypjm.pl\/wp-content\/uploads\/2020\/09\/PLM-Logo-2-300x126.png 300w, https:\/\/standardypjm.pl\/wp-content\/uploads\/2020\/09\/PLM-Logo-2-1024x432.png 1024w, https:\/\/standardypjm.pl\/wp-content\/uploads\/2020\/09\/PLM-Logo-2-768x324.png 768w\" sizes=\"(max-width: 150px) 100vw, 150px\" \/><\/p>\n<p><strong>Pracownia lingwistyki migowej, Wydzia\u0142 Polonistyki, Uniwersytet Warszawski <\/strong>jest  jedyn\u0105 jednostk\u0105 naukow\u0105 w Polsce zajmuj\u0105c\u0105 si\u0119 analiz\u0105 polskiego  j\u0119zyka migowego. Od 2010 roku zesp\u00f3\u0142 kierowany przez Paw\u0142a Rutkowskiego  bada komunikacj\u0119 wzrokowo-przestrzenn\u0105 z perspektywy j\u0119zykoznawstwa  og\u00f3lnego i por\u00f3wnawczego. Sekcja zrealizowa\u0142a wiele projekt\u00f3w badawczych  (finansowanych przez Fundacj\u0119 na rzecz Nauki Polskiej, Narodowe Centrum  Nauki, Narodowy Program Rozwoju Humanistyki oraz Komisj\u0119 Europejsk\u0105 w  ramach programu COST). Zesp\u00f3\u0142 Pracowni gromadzi tak\u017ce pierwszy w  historii korpus polskiego j\u0119zyka migowego. <\/p>\n<p> Strona internetowa Pracowni lingwistyki migowej: <a href=\"https:\/\/www.plm.uw.edu.pl\">https:\/\/www.plm.uw.edu.pl<\/a><\/p>\n<figure class=\"wp-block-video\"><video controls src=\"https:\/\/standardypjm.pl\/wp-content\/uploads\/2021\/04\/PLMUW.mp4\"><\/video><\/figure>\n","protected":false},"excerpt":{"rendered":"<p><!-- wp:paragraph {\"align\":\"center\"} --><\/p>\n<p class=\"has-text-align-center\"><img decoding=\"async\" width=\"150\" height=\"63\" class=\"wp-image-89\" style=\"width: 150px;\" src=\"http:\/\/standardypjm.pl\/wp-content\/uploads\/2020\/09\/PLM-Logo-2.png\" alt=\"\" srcset=\"https:\/\/standardypjm.pl\/wp-content\/uploads\/2020\/09\/PLM-Logo-2.png 1352w, https:\/\/standardypjm.pl\/wp-content\/uploads\/2020\/09\/PLM-Logo-2-300x126.png 300w, https:\/\/standardypjm.pl\/wp-content\/uploads\/2020\/09\/PLM-Logo-2-1024x432.png 1024w, https:\/\/standardypjm.pl\/wp-content\/uploads\/2020\/09\/PLM-Logo-2-768x324.png 768w\" sizes=\"(max-width: 150px) 100vw, 150px\" \/><\/p>\n<p><!-- \/wp:paragraph --><\/p>\n<p><!-- wp:paragraph --><br \/>\n&#8230;<\/p>\n","protected":false},"author":1,"featured_media":0,"parent":0,"menu_order":0,"comment_status":"closed","ping_status":"closed","template":"","meta":{"footnotes":""},"class_list":["post-73","page","type-page","status-publish","hentry"],"yoast_head":"<!-- This site is optimized with the Yoast SEO plugin v23.8 - https:\/\/yoast.com\/wordpress\/plugins\/seo\/ -->\n<title>Pracownia lingwistyki migowej, Wydzia\u0142 Polonistyki, Uniwersytet Warszawski - Standardy Edukacyjne dla polskiego j\u0119zyka migowego<\/title>\n<meta name=\"robots\" content=\"index, follow, max-snippet:-1, max-image-preview:large, max-video-preview:-1\" \/>\n<link rel=\"canonical\" href=\"https:\/\/standardypjm.pl\/?page_id=73&lang=pl_PL\" \/>\n<meta property=\"og:locale\" content=\"pl_PL\" \/>\n<meta property=\"og:type\" content=\"article\" \/>\n<meta property=\"og:title\" content=\"Pracownia lingwistyki migowej, Wydzia\u0142 Polonistyki, Uniwersytet Warszawski - Standardy Edukacyjne dla polskiego j\u0119zyka migowego\" \/>\n<meta property=\"og:description\" content=\"...\" \/>\n<meta property=\"og:url\" content=\"https:\/\/standardypjm.pl\/?page_id=73&amp;lang=pl_PL\" \/>\n<meta property=\"og:site_name\" content=\"Standardy Edukacyjne dla polskiego j\u0119zyka migowego\" \/>\n<meta property=\"article:modified_time\" content=\"2021-04-13T15:50:20+00:00\" \/>\n<meta property=\"og:image\" content=\"http:\/\/standardypjm.pl\/wp-content\/uploads\/2020\/09\/PLM-Logo-2.png\" \/>\n<meta name=\"twitter:card\" content=\"summary_large_image\" \/>\n<script type=\"application\/ld+json\" class=\"yoast-schema-graph\">{\"@context\":\"https:\/\/schema.org\",\"@graph\":[{\"@type\":\"WebPage\",\"@id\":\"https:\/\/standardypjm.pl\/?page_id=73&lang=pl_PL\",\"url\":\"https:\/\/standardypjm.pl\/?page_id=73&lang=pl_PL\",\"name\":\"Pracownia lingwistyki migowej, Wydzia\u0142 Polonistyki, Uniwersytet Warszawski - Standardy Edukacyjne dla polskiego j\u0119zyka migowego\",\"isPartOf\":{\"@id\":\"https:\/\/standardypjm.pl\/?lang=pl_PL\/#website\"},\"primaryImageOfPage\":{\"@id\":\"https:\/\/standardypjm.pl\/?page_id=73&lang=pl_PL#primaryimage\"},\"image\":{\"@id\":\"https:\/\/standardypjm.pl\/?page_id=73&lang=pl_PL#primaryimage\"},\"thumbnailUrl\":\"http:\/\/standardypjm.pl\/wp-content\/uploads\/2020\/09\/PLM-Logo-2.png\",\"datePublished\":\"2020-09-02T09:40:27+00:00\",\"dateModified\":\"2021-04-13T15:50:20+00:00\",\"breadcrumb\":{\"@id\":\"https:\/\/standardypjm.pl\/?page_id=73&lang=pl_PL#breadcrumb\"},\"inLanguage\":\"pl-PL\",\"potentialAction\":[{\"@type\":\"ReadAction\",\"target\":[\"https:\/\/standardypjm.pl\/?page_id=73&lang=pl_PL\"]}]},{\"@type\":\"ImageObject\",\"inLanguage\":\"pl-PL\",\"@id\":\"https:\/\/standardypjm.pl\/?page_id=73&lang=pl_PL#primaryimage\",\"url\":\"https:\/\/standardypjm.pl\/wp-content\/uploads\/2020\/09\/PLM-Logo-2.png\",\"contentUrl\":\"https:\/\/standardypjm.pl\/wp-content\/uploads\/2020\/09\/PLM-Logo-2.png\",\"width\":1352,\"height\":570},{\"@type\":\"BreadcrumbList\",\"@id\":\"https:\/\/standardypjm.pl\/?page_id=73&lang=pl_PL#breadcrumb\",\"itemListElement\":[{\"@type\":\"ListItem\",\"position\":1,\"name\":\"Home\",\"item\":\"https:\/\/standardypjm.pl\/?lang=pl_PL\"},{\"@type\":\"ListItem\",\"position\":2,\"name\":\"Pracownia lingwistyki migowej, Wydzia\u0142 Polonistyki, Uniwersytet Warszawski\"}]},{\"@type\":\"WebSite\",\"@id\":\"https:\/\/standardypjm.pl\/?lang=pl_PL\/#website\",\"url\":\"https:\/\/standardypjm.pl\/?lang=pl_PL\/\",\"name\":\"Standardy Edukacyjne dla polskiego j\u0119zyka migowego\",\"description\":\"\",\"potentialAction\":[{\"@type\":\"SearchAction\",\"target\":{\"@type\":\"EntryPoint\",\"urlTemplate\":\"https:\/\/standardypjm.pl\/?lang=pl_PL\/?s={search_term_string}\"},\"query-input\":{\"@type\":\"PropertyValueSpecification\",\"valueRequired\":true,\"valueName\":\"search_term_string\"}}],\"inLanguage\":\"pl-PL\"}]}<\/script>\n<!-- \/ Yoast SEO plugin. -->","yoast_head_json":{"title":"Pracownia lingwistyki migowej, Wydzia\u0142 Polonistyki, Uniwersytet Warszawski - Standardy Edukacyjne dla polskiego j\u0119zyka migowego","robots":{"index":"index","follow":"follow","max-snippet":"max-snippet:-1","max-image-preview":"max-image-preview:large","max-video-preview":"max-video-preview:-1"},"canonical":"https:\/\/standardypjm.pl\/?page_id=73&lang=pl_PL","og_locale":"pl_PL","og_type":"article","og_title":"Pracownia lingwistyki migowej, Wydzia\u0142 Polonistyki, Uniwersytet Warszawski - Standardy Edukacyjne dla polskiego j\u0119zyka migowego","og_description":"...","og_url":"https:\/\/standardypjm.pl\/?page_id=73&lang=pl_PL","og_site_name":"Standardy Edukacyjne dla polskiego j\u0119zyka migowego","article_modified_time":"2021-04-13T15:50:20+00:00","og_image":[{"url":"http:\/\/standardypjm.pl\/wp-content\/uploads\/2020\/09\/PLM-Logo-2.png"}],"twitter_card":"summary_large_image","schema":{"@context":"https:\/\/schema.org","@graph":[{"@type":"WebPage","@id":"https:\/\/standardypjm.pl\/?page_id=73&lang=pl_PL","url":"https:\/\/standardypjm.pl\/?page_id=73&lang=pl_PL","name":"Pracownia lingwistyki migowej, Wydzia\u0142 Polonistyki, Uniwersytet Warszawski - Standardy Edukacyjne dla polskiego j\u0119zyka migowego","isPartOf":{"@id":"https:\/\/standardypjm.pl\/?lang=pl_PL\/#website"},"primaryImageOfPage":{"@id":"https:\/\/standardypjm.pl\/?page_id=73&lang=pl_PL#primaryimage"},"image":{"@id":"https:\/\/standardypjm.pl\/?page_id=73&lang=pl_PL#primaryimage"},"thumbnailUrl":"http:\/\/standardypjm.pl\/wp-content\/uploads\/2020\/09\/PLM-Logo-2.png","datePublished":"2020-09-02T09:40:27+00:00","dateModified":"2021-04-13T15:50:20+00:00","breadcrumb":{"@id":"https:\/\/standardypjm.pl\/?page_id=73&lang=pl_PL#breadcrumb"},"inLanguage":"pl-PL","potentialAction":[{"@type":"ReadAction","target":["https:\/\/standardypjm.pl\/?page_id=73&lang=pl_PL"]}]},{"@type":"ImageObject","inLanguage":"pl-PL","@id":"https:\/\/standardypjm.pl\/?page_id=73&lang=pl_PL#primaryimage","url":"https:\/\/standardypjm.pl\/wp-content\/uploads\/2020\/09\/PLM-Logo-2.png","contentUrl":"https:\/\/standardypjm.pl\/wp-content\/uploads\/2020\/09\/PLM-Logo-2.png","width":1352,"height":570},{"@type":"BreadcrumbList","@id":"https:\/\/standardypjm.pl\/?page_id=73&lang=pl_PL#breadcrumb","itemListElement":[{"@type":"ListItem","position":1,"name":"Home","item":"https:\/\/standardypjm.pl\/?lang=pl_PL"},{"@type":"ListItem","position":2,"name":"Pracownia lingwistyki migowej, Wydzia\u0142 Polonistyki, Uniwersytet Warszawski"}]},{"@type":"WebSite","@id":"https:\/\/standardypjm.pl\/?lang=pl_PL\/#website","url":"https:\/\/standardypjm.pl\/?lang=pl_PL\/","name":"Standardy Edukacyjne dla polskiego j\u0119zyka migowego","description":"","potentialAction":[{"@type":"SearchAction","target":{"@type":"EntryPoint","urlTemplate":"https:\/\/standardypjm.pl\/?lang=pl_PL\/?s={search_term_string}"},"query-input":{"@type":"PropertyValueSpecification","valueRequired":true,"valueName":"search_term_string"}}],"inLanguage":"pl-PL"}]}},"_links":{"self":[{"href":"https:\/\/standardypjm.pl?lang=pl_PL%2Findex.php&rest_route=\/wp\/v2\/pages\/73"}],"collection":[{"href":"https:\/\/standardypjm.pl?lang=pl_PL%2Findex.php&rest_route=\/wp\/v2\/pages"}],"about":[{"href":"https:\/\/standardypjm.pl?lang=pl_PL%2Findex.php&rest_route=\/wp\/v2\/types\/page"}],"author":[{"embeddable":true,"href":"https:\/\/standardypjm.pl?lang=pl_PL%2Findex.php&rest_route=\/wp\/v2\/users\/1"}],"replies":[{"embeddable":true,"href":"https:\/\/standardypjm.pl?lang=pl_PL%2Findex.php&rest_route=%2Fwp%2Fv2%2Fcomments&post=73"}],"version-history":[{"count":14,"href":"https:\/\/standardypjm.pl?lang=pl_PL%2Findex.php&rest_route=\/wp\/v2\/pages\/73\/revisions"}],"predecessor-version":[{"id":321,"href":"https:\/\/standardypjm.pl?lang=pl_PL%2Findex.php&rest_route=\/wp\/v2\/pages\/73\/revisions\/321"}],"wp:attachment":[{"href":"https:\/\/standardypjm.pl?lang=pl_PL%2Findex.php&rest_route=%2Fwp%2Fv2%2Fmedia&parent=73"}],"curies":[{"name":"wp","href":"https:\/\/api.w.org\/{rel}","templated":true}]}}