{"id":677,"date":"2021-08-10T15:08:39","date_gmt":"2021-08-10T13:08:39","guid":{"rendered":"https:\/\/standardypjm.pl\/?page_id=677"},"modified":"2021-09-03T12:53:02","modified_gmt":"2021-09-03T10:53:02","slug":"deskryptory-dla-polskiego-jezyka-migowego","status":"publish","type":"page","link":"https:\/\/standardypjm.pl\/?page_id=677&lang=pl_PL","title":{"rendered":"Grupy deskryptor\u00f3w dla polskiego j\u0119zyka migowego"},"content":{"rendered":"<p><a href=\"https:\/\/standardypjm.pl\/?page_id=352&amp;lang=pl_PL\">Wsp\u00f3lne poziomy bieg\u0142o\u015bci j\u0119zykowej: skala globalna<\/a><\/p>\n<p><a href=\"https:\/\/standardypjm.pl\/?page_id=673(otworzy si\u0119 w nowej zak\u0142adce)\">Rozumienie (dzia\u0142ania j\u0119zykowe)<\/a><\/p>\n<p><span style=\"color: #000000;\" class=\"ugb-highlight\"><a href=\"https:\/\/standardypjm.pl\/?page_id=337(otworzy si\u0119 w nowej zak\u0142adce)\">Rozumienie (strategie receptywne)<\/a><\/span><\/p>\n<p><a href=\"https:\/\/standardypjm.pl\/?page_id=848(otworzy si\u0119 w nowej zak\u0142adce)\">Produkcja (dzia\u0142ania j\u0119zykowe)<\/a><\/p>\n<p><span style=\"color: #000000;\" class=\"ugb-highlight\"><a href=\"https:\/\/standardypjm.pl\/?page_id=956(otworzy si\u0119 w nowej zak\u0142adce)\">Produkcja (strategie produktywne)<\/a><\/span><\/p>\n<p><a href=\"https:\/\/standardypjm.pl\/?page_id=1000&amp;lang=pl_PL\">I<span style=\"color: #000000;\" class=\"ugb-highlight\">nterakcja (dzia\u0142ania j\u0119zykowe)<\/span><\/a><\/p>\n<p><span style=\"color: #000000;\" class=\"ugb-highlight\"><a href=\"https:\/\/standardypjm.pl\/?page_id=1123&amp;lang=pl_PL\">Interakcja (strategie interakcyjne)<\/a><\/span><\/p>\n<p><a href=\"https:\/\/standardypjm.pl\/?page_id=1139&amp;lang=pl_PL\">Mediacja (dzia\u0142ania j\u0119zykowe)<\/a><\/p>\n<p><span style=\"color: #000000;\" class=\"ugb-highlight\"><a href=\"https:\/\/standardypjm.pl\/?page_id=1237&amp;lang=pl_PL\">Mediacja (strategie mediacyjne)<\/a><\/span><\/p>\n<p><a href=\"https:\/\/standardypjm.pl\/?page_id=1250\">Komunikacyjne kompetencje j\u0119zykowe<\/a><\/p>\n<p><a href=\"https:\/\/standardypjm.pl\/?page_id=1349&amp;lang=pl_PL\">Kompetencje r\u00f3\u017cnoj\u0119zykowe i r\u00f3\u017cnokulturowe<\/a><\/p>\n","protected":false},"excerpt":{"rendered":"<p><!-- wp:paragraph --><\/p>\n<p><a href=\"https:\/\/standardypjm.pl\/?page_id=352&amp;lang=pl_PL\">Wsp\u00f3lne poziomy bieg\u0142o\u015bci j\u0119zykowej: skala globalna<\/a><\/p>\n<p><!-- \/wp:paragraph --><\/p>\n<p><!-- wp:paragraph --><\/p>\n<p><a href=\"https:\/\/standardypjm.pl\/?page_id=673(otworzy ...\n<\/p>\n","protected":false},"author":1,"featured_media":0,"parent":56,"menu_order":0,"comment_status":"closed","ping_status":"closed","template":"","meta":{"footnotes":""},"class_list":["post-677","page","type-page","status-publish","hentry"],"yoast_head":"<!-- This site is optimized with the Yoast SEO plugin v23.8 - https:\/\/yoast.com\/wordpress\/plugins\/seo\/ -->\n<title>Grupy deskryptor\u00f3w dla polskiego j\u0119zyka migowego - Standardy Edukacyjne dla polskiego j\u0119zyka migowego<\/title>\n<meta name=\"robots\" content=\"index, follow, max-snippet:-1, max-image-preview:large, max-video-preview:-1\" \/>\n<link rel=\"canonical\" href=\"https:\/\/standardypjm.pl\/?page_id=677&lang=pl_PL\" \/>\n<meta property=\"og:locale\" content=\"pl_PL\" \/>\n<meta property=\"og:type\" content=\"article\" \/>\n<meta property=\"og:title\" content=\"Grupy deskryptor\u00f3w dla polskiego j\u0119zyka migowego - Standardy Edukacyjne dla polskiego j\u0119zyka migowego\" \/>\n<meta property=\"og:description\" content=\"Wsp\u00f3lne poziomy bieg\u0142o\u015bci j\u0119zykowej: skala globalna\" \/>\n<meta property=\"og:url\" content=\"https:\/\/standardypjm.pl\/?page_id=677&amp;lang=pl_PL\" \/>\n<meta property=\"og:site_name\" content=\"Standardy Edukacyjne dla polskiego j\u0119zyka migowego\" \/>\n<meta property=\"article:modified_time\" content=\"2021-09-03T10:53:02+00:00\" \/>\n<meta name=\"twitter:card\" content=\"summary_large_image\" \/>\n<meta name=\"twitter:label1\" content=\"Szacowany czas czytania\" \/>\n\t<meta name=\"twitter:data1\" content=\"1 minuta\" \/>\n<script type=\"application\/ld+json\" class=\"yoast-schema-graph\">{\"@context\":\"https:\/\/schema.org\",\"@graph\":[{\"@type\":\"WebPage\",\"@id\":\"https:\/\/standardypjm.pl\/?page_id=677&lang=pl_PL\",\"url\":\"https:\/\/standardypjm.pl\/?page_id=677&lang=pl_PL\",\"name\":\"Grupy deskryptor\u00f3w dla polskiego j\u0119zyka migowego - Standardy Edukacyjne dla polskiego j\u0119zyka migowego\",\"isPartOf\":{\"@id\":\"https:\/\/standardypjm.pl\/?lang=pl_PL\/#website\"},\"datePublished\":\"2021-08-10T13:08:39+00:00\",\"dateModified\":\"2021-09-03T10:53:02+00:00\",\"breadcrumb\":{\"@id\":\"https:\/\/standardypjm.pl\/?page_id=677&lang=pl_PL#breadcrumb\"},\"inLanguage\":\"pl-PL\",\"potentialAction\":[{\"@type\":\"ReadAction\",\"target\":[\"https:\/\/standardypjm.pl\/?page_id=677&lang=pl_PL\"]}]},{\"@type\":\"BreadcrumbList\",\"@id\":\"https:\/\/standardypjm.pl\/?page_id=677&lang=pl_PL#breadcrumb\",\"itemListElement\":[{\"@type\":\"ListItem\",\"position\":1,\"name\":\"Home\",\"item\":\"https:\/\/standardypjm.pl\/?lang=pl_PL\"},{\"@type\":\"ListItem\",\"position\":2,\"name\":\"Produkt nr 1: opis kompetencji w zakresie polskiego j\u0119zyka migowego\",\"item\":\"https:\/\/standardypjm.pl\/?page_id=56&lang=pl_PL\"},{\"@type\":\"ListItem\",\"position\":3,\"name\":\"Grupy deskryptor\u00f3w dla polskiego j\u0119zyka migowego\"}]},{\"@type\":\"WebSite\",\"@id\":\"https:\/\/standardypjm.pl\/?lang=pl_PL\/#website\",\"url\":\"https:\/\/standardypjm.pl\/?lang=pl_PL\/\",\"name\":\"Standardy Edukacyjne dla polskiego j\u0119zyka migowego\",\"description\":\"\",\"potentialAction\":[{\"@type\":\"SearchAction\",\"target\":{\"@type\":\"EntryPoint\",\"urlTemplate\":\"https:\/\/standardypjm.pl\/?lang=pl_PL\/?s={search_term_string}\"},\"query-input\":{\"@type\":\"PropertyValueSpecification\",\"valueRequired\":true,\"valueName\":\"search_term_string\"}}],\"inLanguage\":\"pl-PL\"}]}<\/script>\n<!-- \/ Yoast SEO plugin. -->","yoast_head_json":{"title":"Grupy deskryptor\u00f3w dla polskiego j\u0119zyka migowego - Standardy Edukacyjne dla polskiego j\u0119zyka migowego","robots":{"index":"index","follow":"follow","max-snippet":"max-snippet:-1","max-image-preview":"max-image-preview:large","max-video-preview":"max-video-preview:-1"},"canonical":"https:\/\/standardypjm.pl\/?page_id=677&lang=pl_PL","og_locale":"pl_PL","og_type":"article","og_title":"Grupy deskryptor\u00f3w dla polskiego j\u0119zyka migowego - Standardy Edukacyjne dla polskiego j\u0119zyka migowego","og_description":"Wsp\u00f3lne poziomy bieg\u0142o\u015bci j\u0119zykowej: skala globalna","og_url":"https:\/\/standardypjm.pl\/?page_id=677&lang=pl_PL","og_site_name":"Standardy Edukacyjne dla polskiego j\u0119zyka migowego","article_modified_time":"2021-09-03T10:53:02+00:00","twitter_card":"summary_large_image","twitter_misc":{"Szacowany czas czytania":"1 minuta"},"schema":{"@context":"https:\/\/schema.org","@graph":[{"@type":"WebPage","@id":"https:\/\/standardypjm.pl\/?page_id=677&lang=pl_PL","url":"https:\/\/standardypjm.pl\/?page_id=677&lang=pl_PL","name":"Grupy deskryptor\u00f3w dla polskiego j\u0119zyka migowego - Standardy Edukacyjne dla polskiego j\u0119zyka migowego","isPartOf":{"@id":"https:\/\/standardypjm.pl\/?lang=pl_PL\/#website"},"datePublished":"2021-08-10T13:08:39+00:00","dateModified":"2021-09-03T10:53:02+00:00","breadcrumb":{"@id":"https:\/\/standardypjm.pl\/?page_id=677&lang=pl_PL#breadcrumb"},"inLanguage":"pl-PL","potentialAction":[{"@type":"ReadAction","target":["https:\/\/standardypjm.pl\/?page_id=677&lang=pl_PL"]}]},{"@type":"BreadcrumbList","@id":"https:\/\/standardypjm.pl\/?page_id=677&lang=pl_PL#breadcrumb","itemListElement":[{"@type":"ListItem","position":1,"name":"Home","item":"https:\/\/standardypjm.pl\/?lang=pl_PL"},{"@type":"ListItem","position":2,"name":"Produkt nr 1: opis kompetencji w zakresie polskiego j\u0119zyka migowego","item":"https:\/\/standardypjm.pl\/?page_id=56&lang=pl_PL"},{"@type":"ListItem","position":3,"name":"Grupy deskryptor\u00f3w dla polskiego j\u0119zyka migowego"}]},{"@type":"WebSite","@id":"https:\/\/standardypjm.pl\/?lang=pl_PL\/#website","url":"https:\/\/standardypjm.pl\/?lang=pl_PL\/","name":"Standardy Edukacyjne dla polskiego j\u0119zyka migowego","description":"","potentialAction":[{"@type":"SearchAction","target":{"@type":"EntryPoint","urlTemplate":"https:\/\/standardypjm.pl\/?lang=pl_PL\/?s={search_term_string}"},"query-input":{"@type":"PropertyValueSpecification","valueRequired":true,"valueName":"search_term_string"}}],"inLanguage":"pl-PL"}]}},"_links":{"self":[{"href":"https:\/\/standardypjm.pl?lang=pl_PL%2Findex.php&rest_route=\/wp\/v2\/pages\/677"}],"collection":[{"href":"https:\/\/standardypjm.pl?lang=pl_PL%2Findex.php&rest_route=\/wp\/v2\/pages"}],"about":[{"href":"https:\/\/standardypjm.pl?lang=pl_PL%2Findex.php&rest_route=\/wp\/v2\/types\/page"}],"author":[{"embeddable":true,"href":"https:\/\/standardypjm.pl?lang=pl_PL%2Findex.php&rest_route=\/wp\/v2\/users\/1"}],"replies":[{"embeddable":true,"href":"https:\/\/standardypjm.pl?lang=pl_PL%2Findex.php&rest_route=%2Fwp%2Fv2%2Fcomments&post=677"}],"version-history":[{"count":19,"href":"https:\/\/standardypjm.pl?lang=pl_PL%2Findex.php&rest_route=\/wp\/v2\/pages\/677\/revisions"}],"predecessor-version":[{"id":2124,"href":"https:\/\/standardypjm.pl?lang=pl_PL%2Findex.php&rest_route=\/wp\/v2\/pages\/677\/revisions\/2124"}],"up":[{"embeddable":true,"href":"https:\/\/standardypjm.pl?lang=pl_PL%2Findex.php&rest_route=\/wp\/v2\/pages\/56"}],"wp:attachment":[{"href":"https:\/\/standardypjm.pl?lang=pl_PL%2Findex.php&rest_route=%2Fwp%2Fv2%2Fmedia&parent=677"}],"curies":[{"name":"wp","href":"https:\/\/api.w.org\/{rel}","templated":true}]}}