{"id":61,"date":"2020-09-02T11:07:51","date_gmt":"2020-09-02T09:07:51","guid":{"rendered":"http:\/\/standardypjm.pl\/?page_id=61"},"modified":"2021-04-13T17:48:56","modified_gmt":"2021-04-13T15:48:56","slug":"dlaczego","status":"publish","type":"page","link":"https:\/\/standardypjm.pl\/?page_id=61&lang=pl_PL","title":{"rendered":"Dlaczego?"},"content":{"rendered":"<p>Celem projektu jest stworzenie warunk\u00f3w niezb\u0119dnych do poprawy jako\u015bci  kszta\u0142cenia og\u00f3lnodost\u0119pnego i w\u0142\u0105czaj\u0105cego oraz specjalnego dla uczni\u00f3w wymagaj\u0105cych komunikacji i nauczania z wykorzystaniem polskiego j\u0119zyka migowego. <\/p>\n<p>Polski j\u0119zyk migowy funkcjonuje formalnie w systemie edukacji w Polsce na podstawie art. 24 <em>Konwencji ONZ o prawach os\u00f3b niepe\u0142nosprawnych<\/em> oraz art. 3 ust. 1 <em>Rozporz\u0105dzenia Ministra Edukacji Narodowej z dnia 28 marca 2017 r. w sprawie ramowych program\u00f3w nauczania dla szk\u00f3\u0142 publicznych<\/em>. <\/p>\n<p>O szkoleniach w zakresie polskiego j\u0119zyka migowego wspomina si\u0119 r\u00f3wnie\u017c w <em>ustawie z dnia 19 sierpnia 2011 r. o j\u0119zyku migowym i innych \u015brodkach komunikacji<\/em>. <\/p>\n<p>Jednak do tej pory nie powsta\u0142y \u017cadne standardy edukacyjne. Nie ma podstaw merytorycznych do rozwijania nauczania w PJM lub uczenia PJM. Problem braku standard\u00f3w opisuj\u0105cych kompetencje w j\u0119zykach migowych zosta\u0142 dostrze\u017cony r\u00f3wnie\u017c na poziomie europejskim. W latach 2012-2015 specjali\u015bci j\u0119zyka migowego opracowali Europejski System Opisu dla J\u0119zyk\u00f3w Migowych (Common European Framework of Reference for Sign Languages).<\/p>\n<figure class=\"wp-block-video\"><video controls src=\"https:\/\/standardypjm.pl\/wp-content\/uploads\/2021\/04\/dlaczego.mp4\"><\/video><\/figure>\n","protected":false},"excerpt":{"rendered":"<p><!-- wp:paragraph --><\/p>\n<p>Celem projektu jest stworzenie warunk\u00f3w niezb\u0119dnych do poprawy jako\u015bci  kszta\u0142cenia og\u00f3lnodost\u0119pnego i w\u0142\u0105czaj\u0105cego oraz specjalnego dla uczni\u00f3w wymagaj\u0105cych komunikacji i nauczania z wykorzystaniem polskiego j\u0119zyka migowego&#8230;.<\/p>\n","protected":false},"author":1,"featured_media":0,"parent":0,"menu_order":0,"comment_status":"closed","ping_status":"closed","template":"","meta":{"footnotes":""},"class_list":["post-61","page","type-page","status-publish","hentry"],"yoast_head":"<!-- This site is optimized with the Yoast SEO plugin v23.8 - https:\/\/yoast.com\/wordpress\/plugins\/seo\/ -->\n<title>Dlaczego? - Standardy Edukacyjne dla polskiego j\u0119zyka migowego<\/title>\n<meta name=\"robots\" content=\"index, follow, max-snippet:-1, max-image-preview:large, max-video-preview:-1\" \/>\n<link rel=\"canonical\" href=\"https:\/\/standardypjm.pl\/?page_id=61&lang=pl_PL\" \/>\n<meta property=\"og:locale\" content=\"pl_PL\" \/>\n<meta property=\"og:type\" content=\"article\" \/>\n<meta property=\"og:title\" content=\"Dlaczego? - Standardy Edukacyjne dla polskiego j\u0119zyka migowego\" \/>\n<meta property=\"og:description\" content=\"Celem projektu jest stworzenie warunk\u00f3w niezb\u0119dnych do poprawy jako\u015bci kszta\u0142cenia og\u00f3lnodost\u0119pnego i w\u0142\u0105czaj\u0105cego oraz specjalnego dla uczni\u00f3w wymagaj\u0105cych komunikacji i nauczania z wykorzystaniem polskiego j\u0119zyka migowego....\" \/>\n<meta property=\"og:url\" content=\"https:\/\/standardypjm.pl\/?page_id=61&amp;lang=pl_PL\" \/>\n<meta property=\"og:site_name\" content=\"Standardy Edukacyjne dla polskiego j\u0119zyka migowego\" \/>\n<meta property=\"article:modified_time\" content=\"2021-04-13T15:48:56+00:00\" \/>\n<meta name=\"twitter:card\" content=\"summary_large_image\" \/>\n<meta name=\"twitter:label1\" content=\"Szacowany czas czytania\" \/>\n\t<meta name=\"twitter:data1\" content=\"1 minuta\" \/>\n<script type=\"application\/ld+json\" class=\"yoast-schema-graph\">{\"@context\":\"https:\/\/schema.org\",\"@graph\":[{\"@type\":\"WebPage\",\"@id\":\"https:\/\/standardypjm.pl\/?page_id=61&lang=pl_PL\",\"url\":\"https:\/\/standardypjm.pl\/?page_id=61&lang=pl_PL\",\"name\":\"Dlaczego? - Standardy Edukacyjne dla polskiego j\u0119zyka migowego\",\"isPartOf\":{\"@id\":\"https:\/\/standardypjm.pl\/?lang=pl_PL\/#website\"},\"datePublished\":\"2020-09-02T09:07:51+00:00\",\"dateModified\":\"2021-04-13T15:48:56+00:00\",\"breadcrumb\":{\"@id\":\"https:\/\/standardypjm.pl\/?page_id=61&lang=pl_PL#breadcrumb\"},\"inLanguage\":\"pl-PL\",\"potentialAction\":[{\"@type\":\"ReadAction\",\"target\":[\"https:\/\/standardypjm.pl\/?page_id=61&lang=pl_PL\"]}]},{\"@type\":\"BreadcrumbList\",\"@id\":\"https:\/\/standardypjm.pl\/?page_id=61&lang=pl_PL#breadcrumb\",\"itemListElement\":[{\"@type\":\"ListItem\",\"position\":1,\"name\":\"Home\",\"item\":\"https:\/\/standardypjm.pl\/?lang=pl_PL\"},{\"@type\":\"ListItem\",\"position\":2,\"name\":\"Dlaczego?\"}]},{\"@type\":\"WebSite\",\"@id\":\"https:\/\/standardypjm.pl\/?lang=pl_PL\/#website\",\"url\":\"https:\/\/standardypjm.pl\/?lang=pl_PL\/\",\"name\":\"Standardy Edukacyjne dla polskiego j\u0119zyka migowego\",\"description\":\"\",\"potentialAction\":[{\"@type\":\"SearchAction\",\"target\":{\"@type\":\"EntryPoint\",\"urlTemplate\":\"https:\/\/standardypjm.pl\/?lang=pl_PL\/?s={search_term_string}\"},\"query-input\":{\"@type\":\"PropertyValueSpecification\",\"valueRequired\":true,\"valueName\":\"search_term_string\"}}],\"inLanguage\":\"pl-PL\"}]}<\/script>\n<!-- \/ Yoast SEO plugin. -->","yoast_head_json":{"title":"Dlaczego? - Standardy Edukacyjne dla polskiego j\u0119zyka migowego","robots":{"index":"index","follow":"follow","max-snippet":"max-snippet:-1","max-image-preview":"max-image-preview:large","max-video-preview":"max-video-preview:-1"},"canonical":"https:\/\/standardypjm.pl\/?page_id=61&lang=pl_PL","og_locale":"pl_PL","og_type":"article","og_title":"Dlaczego? - Standardy Edukacyjne dla polskiego j\u0119zyka migowego","og_description":"Celem projektu jest stworzenie warunk\u00f3w niezb\u0119dnych do poprawy jako\u015bci kszta\u0142cenia og\u00f3lnodost\u0119pnego i w\u0142\u0105czaj\u0105cego oraz specjalnego dla uczni\u00f3w wymagaj\u0105cych komunikacji i nauczania z wykorzystaniem polskiego j\u0119zyka migowego....","og_url":"https:\/\/standardypjm.pl\/?page_id=61&lang=pl_PL","og_site_name":"Standardy Edukacyjne dla polskiego j\u0119zyka migowego","article_modified_time":"2021-04-13T15:48:56+00:00","twitter_card":"summary_large_image","twitter_misc":{"Szacowany czas czytania":"1 minuta"},"schema":{"@context":"https:\/\/schema.org","@graph":[{"@type":"WebPage","@id":"https:\/\/standardypjm.pl\/?page_id=61&lang=pl_PL","url":"https:\/\/standardypjm.pl\/?page_id=61&lang=pl_PL","name":"Dlaczego? - Standardy Edukacyjne dla polskiego j\u0119zyka migowego","isPartOf":{"@id":"https:\/\/standardypjm.pl\/?lang=pl_PL\/#website"},"datePublished":"2020-09-02T09:07:51+00:00","dateModified":"2021-04-13T15:48:56+00:00","breadcrumb":{"@id":"https:\/\/standardypjm.pl\/?page_id=61&lang=pl_PL#breadcrumb"},"inLanguage":"pl-PL","potentialAction":[{"@type":"ReadAction","target":["https:\/\/standardypjm.pl\/?page_id=61&lang=pl_PL"]}]},{"@type":"BreadcrumbList","@id":"https:\/\/standardypjm.pl\/?page_id=61&lang=pl_PL#breadcrumb","itemListElement":[{"@type":"ListItem","position":1,"name":"Home","item":"https:\/\/standardypjm.pl\/?lang=pl_PL"},{"@type":"ListItem","position":2,"name":"Dlaczego?"}]},{"@type":"WebSite","@id":"https:\/\/standardypjm.pl\/?lang=pl_PL\/#website","url":"https:\/\/standardypjm.pl\/?lang=pl_PL\/","name":"Standardy Edukacyjne dla polskiego j\u0119zyka migowego","description":"","potentialAction":[{"@type":"SearchAction","target":{"@type":"EntryPoint","urlTemplate":"https:\/\/standardypjm.pl\/?lang=pl_PL\/?s={search_term_string}"},"query-input":{"@type":"PropertyValueSpecification","valueRequired":true,"valueName":"search_term_string"}}],"inLanguage":"pl-PL"}]}},"_links":{"self":[{"href":"https:\/\/standardypjm.pl?lang=pl_PL%2Findex.php&rest_route=\/wp\/v2\/pages\/61"}],"collection":[{"href":"https:\/\/standardypjm.pl?lang=pl_PL%2Findex.php&rest_route=\/wp\/v2\/pages"}],"about":[{"href":"https:\/\/standardypjm.pl?lang=pl_PL%2Findex.php&rest_route=\/wp\/v2\/types\/page"}],"author":[{"embeddable":true,"href":"https:\/\/standardypjm.pl?lang=pl_PL%2Findex.php&rest_route=\/wp\/v2\/users\/1"}],"replies":[{"embeddable":true,"href":"https:\/\/standardypjm.pl?lang=pl_PL%2Findex.php&rest_route=%2Fwp%2Fv2%2Fcomments&post=61"}],"version-history":[{"count":18,"href":"https:\/\/standardypjm.pl?lang=pl_PL%2Findex.php&rest_route=\/wp\/v2\/pages\/61\/revisions"}],"predecessor-version":[{"id":318,"href":"https:\/\/standardypjm.pl?lang=pl_PL%2Findex.php&rest_route=\/wp\/v2\/pages\/61\/revisions\/318"}],"wp:attachment":[{"href":"https:\/\/standardypjm.pl?lang=pl_PL%2Findex.php&rest_route=%2Fwp%2Fv2%2Fmedia&parent=61"}],"curies":[{"name":"wp","href":"https:\/\/api.w.org\/{rel}","templated":true}]}}