{"id":56,"date":"2020-09-02T11:09:23","date_gmt":"2020-09-02T09:09:23","guid":{"rendered":"http:\/\/standardypjm.pl\/?page_id=56"},"modified":"2022-05-31T20:40:10","modified_gmt":"2022-05-31T18:40:10","slug":"produkt-nr-1-opis-kompetencji-w-zakresie-polskiego-jezyka-migowego","status":"publish","type":"page","link":"https:\/\/standardypjm.pl\/?page_id=56&lang=pl_PL","title":{"rendered":"Produkt nr 1: opis kompetencji w zakresie polskiego j\u0119zyka migowego"},"content":{"rendered":"<\/p>\n<div data-wp-interactive=\"core\/file\" class=\"wp-block-file\"><object data-wp-bind--hidden=\"!state.hasPdfPreview\"  class=\"wp-block-file__embed\" data=\"https:\/\/standardypjm.pl\/wp-content\/uploads\/2021\/05\/analiza_esokj_PJM.pdf\" type=\"application\/pdf\" style=\"width:100%;height:600px\" aria-label=\"Osadzone z Osadzone z Analiza ESKJ dla polskiego j\u0119zyka migowego..\"><\/object><a href=\"https:\/\/standardypjm.pl\/wp-content\/uploads\/2021\/05\/analiza_esokj_PJM.pdf\">Analiza ESKJ dla polskiego j\u0119zyka migowego<\/a><a href=\"https:\/\/standardypjm.pl\/wp-content\/uploads\/2021\/05\/analiza_esokj_PJM.pdf\" class=\"wp-block-file__button\" download>Pobierz<\/a><\/div>\n<div style=\"height:100px\" aria-hidden=\"true\" class=\"wp-block-spacer\"><\/div>\n<div data-wp-interactive=\"core\/file\" class=\"wp-block-file\"><object data-wp-bind--hidden=\"!state.hasPdfPreview\"  class=\"wp-block-file__embed\" data=\"https:\/\/standardypjm.pl\/wp-content\/uploads\/2021\/05\/Program1_PJM_PM_popr.pdf\" type=\"application\/pdf\" style=\"width:100%;height:600px\" aria-label=\"Osadzone z Osadzone z Program_PJM_A1_ESOKJ..\"><\/object><a href=\"https:\/\/standardypjm.pl\/wp-content\/uploads\/2021\/05\/Program1_PJM_PM_popr.pdf\">Program_PJM_A1_ESOKJ<\/a><a href=\"https:\/\/standardypjm.pl\/wp-content\/uploads\/2021\/05\/Program1_PJM_PM_popr.pdf\" class=\"wp-block-file__button\" download>Pobierz<\/a><\/div>\n<div style=\"height:100px\" aria-hidden=\"true\" class=\"wp-block-spacer\"><\/div>\n<div data-wp-interactive=\"core\/file\" class=\"wp-block-file\"><object data-wp-bind--hidden=\"!state.hasPdfPreview\"  class=\"wp-block-file__embed\" data=\"https:\/\/standardypjm.pl\/wp-content\/uploads\/2021\/05\/Program2_PJM.pdf\" type=\"application\/pdf\" style=\"width:100%;height:600px\" aria-label=\"Osadzone z Osadzone z Program_PJM_A2_ESOKJ..\"><\/object><a href=\"https:\/\/standardypjm.pl\/wp-content\/uploads\/2021\/05\/Program2_PJM.pdf\">Program_PJM_A2_ESOKJ<\/a><a href=\"https:\/\/standardypjm.pl\/wp-content\/uploads\/2021\/05\/Program2_PJM.pdf\" class=\"wp-block-file__button\" download>Pobierz<\/a><\/div>\n<\/p>\n<hr class=\"wp-block-separator\"\/>\n<p> Opis kompetencji w zakresie polskiego j\u0119zyka migowego (poziom A1 i A2) b\u0119dzie pierwsz\u0105 og\u00f3lnodost\u0119pn\u0105 podstaw\u0105 nauczania polskiego j\u0119zyka migowego dla uczni\u00f3w szk\u00f3\u0142. W trakcie pracy b\u0119dziemy korzysta\u0107 z dokumentu \u201eJ\u0119zyki migowe i Europejski System Opisu Kszta\u0142cenia J\u0119zykowego. Wsp\u00f3lne wska\u017aniki poziom\u00f3w bieg\u0142o\u015bci j\u0119zykowej\u201d (powsta\u0142ego w ramach projektu PROSIGN realizowanego w Europejskim Centrum J\u0119zyk\u00f3w Nowo\u017cytnych Rady Europy).  <\/p>\n<p>W<br \/>\npowy\u017cszym podej\u015bciu do opisu kompetencji j\u0119zykowych przyj\u0119to<br \/>\nnast\u0119puj\u0105ce za\u0142o\u017cenia:\n<\/p>\n<ul class=\"wp-block-list\">\n<li>\n\takty<br \/>\n\tkomunikacyjne maj\u0105 charakter zadaniowy; do ich wykonywania<br \/>\n\tpotrzebne s\u0105 zar\u00f3wno kompetencje j\u0119zykowe jak i kompetencje<br \/>\n\tog\u00f3lne,\n\t<\/li>\n<li>\n\tj\u0119zykowa<br \/>\n\tkompetencja komunikacyjna sk\u0142ada si\u0119 z komponent\u00f3w j\u0119zykowych,<br \/>\n\tpragmatycznych i socjolingwistycznych\n\t<\/li>\n<li>\n\tczynno\u015bci<br \/>\n\tj\u0119zykowe to nadawanie, odbieranie, mediacja i interakcja <\/p>\n<\/li>\n<li>\n\t4<br \/>\n\tstref \u017cycia: publiczna, prywatna, zawodowa, edukacyjna\n\t<\/li>\n<li>\n\tpoj\u0119cia:<br \/>\n\tzadanie, strategia, tekst.\n<\/li>\n<\/ul>\n<figure class=\"wp-block-video\"><video controls src=\"https:\/\/standardypjm.pl\/wp-content\/uploads\/2021\/04\/rezultat1.mp4\"><\/video><\/figure>\n<div style=\"height:100px\" aria-hidden=\"true\" class=\"wp-block-spacer\"><\/div>\n","protected":false},"excerpt":{"rendered":"<p><!-- wp:paragraph --><\/p>\n<p><!-- \/wp:paragraph --><\/p>\n<p><!-- wp:file {\"id\":401,\"href\":\"https:\/\/standardypjm.pl\/wp-content\/uploads\/2021\/05\/analiza_esokj_PJM.pdf\",\"displayPreview\":true} --><\/p>\n<div class=\"wp-block-file\"><object class=\"wp-block-file__embed\" ...\n<\/p>\n","protected":false},"author":1,"featured_media":0,"parent":0,"menu_order":0,"comment_status":"closed","ping_status":"closed","template":"","meta":{"footnotes":""},"class_list":["post-56","page","type-page","status-publish","hentry"],"yoast_head":"<!-- This site is optimized with the Yoast SEO plugin v23.8 - https:\/\/yoast.com\/wordpress\/plugins\/seo\/ -->\n<title>Produkt nr 1: opis kompetencji w zakresie polskiego j\u0119zyka migowego - Standardy Edukacyjne dla polskiego j\u0119zyka migowego<\/title>\n<meta name=\"robots\" content=\"index, follow, max-snippet:-1, max-image-preview:large, max-video-preview:-1\" \/>\n<link rel=\"canonical\" href=\"https:\/\/standardypjm.pl\/?page_id=56&lang=pl_PL\" \/>\n<meta property=\"og:locale\" content=\"pl_PL\" \/>\n<meta property=\"og:type\" content=\"article\" \/>\n<meta property=\"og:title\" content=\"Produkt nr 1: opis kompetencji w zakresie polskiego j\u0119zyka migowego - Standardy Edukacyjne dla polskiego j\u0119zyka migowego\" \/>\n<meta property=\"og:url\" content=\"https:\/\/standardypjm.pl\/?page_id=56&amp;lang=pl_PL\" \/>\n<meta property=\"og:site_name\" content=\"Standardy Edukacyjne dla polskiego j\u0119zyka migowego\" \/>\n<meta property=\"article:modified_time\" content=\"2022-05-31T18:40:10+00:00\" \/>\n<meta name=\"twitter:card\" content=\"summary_large_image\" \/>\n<meta name=\"twitter:label1\" content=\"Szacowany czas czytania\" \/>\n\t<meta name=\"twitter:data1\" content=\"1 minuta\" \/>\n<script type=\"application\/ld+json\" class=\"yoast-schema-graph\">{\"@context\":\"https:\/\/schema.org\",\"@graph\":[{\"@type\":\"WebPage\",\"@id\":\"https:\/\/standardypjm.pl\/?page_id=56&lang=pl_PL\",\"url\":\"https:\/\/standardypjm.pl\/?page_id=56&lang=pl_PL\",\"name\":\"Produkt nr 1: opis kompetencji w zakresie polskiego j\u0119zyka migowego - Standardy Edukacyjne dla polskiego j\u0119zyka migowego\",\"isPartOf\":{\"@id\":\"https:\/\/standardypjm.pl\/?lang=pl_PL\/#website\"},\"datePublished\":\"2020-09-02T09:09:23+00:00\",\"dateModified\":\"2022-05-31T18:40:10+00:00\",\"breadcrumb\":{\"@id\":\"https:\/\/standardypjm.pl\/?page_id=56&lang=pl_PL#breadcrumb\"},\"inLanguage\":\"pl-PL\",\"potentialAction\":[{\"@type\":\"ReadAction\",\"target\":[\"https:\/\/standardypjm.pl\/?page_id=56&lang=pl_PL\"]}]},{\"@type\":\"BreadcrumbList\",\"@id\":\"https:\/\/standardypjm.pl\/?page_id=56&lang=pl_PL#breadcrumb\",\"itemListElement\":[{\"@type\":\"ListItem\",\"position\":1,\"name\":\"Home\",\"item\":\"https:\/\/standardypjm.pl\/?lang=pl_PL\"},{\"@type\":\"ListItem\",\"position\":2,\"name\":\"Produkt nr 1: opis kompetencji w zakresie polskiego j\u0119zyka migowego\"}]},{\"@type\":\"WebSite\",\"@id\":\"https:\/\/standardypjm.pl\/?lang=pl_PL\/#website\",\"url\":\"https:\/\/standardypjm.pl\/?lang=pl_PL\/\",\"name\":\"Standardy Edukacyjne dla polskiego j\u0119zyka migowego\",\"description\":\"\",\"potentialAction\":[{\"@type\":\"SearchAction\",\"target\":{\"@type\":\"EntryPoint\",\"urlTemplate\":\"https:\/\/standardypjm.pl\/?lang=pl_PL\/?s={search_term_string}\"},\"query-input\":{\"@type\":\"PropertyValueSpecification\",\"valueRequired\":true,\"valueName\":\"search_term_string\"}}],\"inLanguage\":\"pl-PL\"}]}<\/script>\n<!-- \/ Yoast SEO plugin. -->","yoast_head_json":{"title":"Produkt nr 1: opis kompetencji w zakresie polskiego j\u0119zyka migowego - Standardy Edukacyjne dla polskiego j\u0119zyka migowego","robots":{"index":"index","follow":"follow","max-snippet":"max-snippet:-1","max-image-preview":"max-image-preview:large","max-video-preview":"max-video-preview:-1"},"canonical":"https:\/\/standardypjm.pl\/?page_id=56&lang=pl_PL","og_locale":"pl_PL","og_type":"article","og_title":"Produkt nr 1: opis kompetencji w zakresie polskiego j\u0119zyka migowego - Standardy Edukacyjne dla polskiego j\u0119zyka migowego","og_url":"https:\/\/standardypjm.pl\/?page_id=56&lang=pl_PL","og_site_name":"Standardy Edukacyjne dla polskiego j\u0119zyka migowego","article_modified_time":"2022-05-31T18:40:10+00:00","twitter_card":"summary_large_image","twitter_misc":{"Szacowany czas czytania":"1 minuta"},"schema":{"@context":"https:\/\/schema.org","@graph":[{"@type":"WebPage","@id":"https:\/\/standardypjm.pl\/?page_id=56&lang=pl_PL","url":"https:\/\/standardypjm.pl\/?page_id=56&lang=pl_PL","name":"Produkt nr 1: opis kompetencji w zakresie polskiego j\u0119zyka migowego - Standardy Edukacyjne dla polskiego j\u0119zyka migowego","isPartOf":{"@id":"https:\/\/standardypjm.pl\/?lang=pl_PL\/#website"},"datePublished":"2020-09-02T09:09:23+00:00","dateModified":"2022-05-31T18:40:10+00:00","breadcrumb":{"@id":"https:\/\/standardypjm.pl\/?page_id=56&lang=pl_PL#breadcrumb"},"inLanguage":"pl-PL","potentialAction":[{"@type":"ReadAction","target":["https:\/\/standardypjm.pl\/?page_id=56&lang=pl_PL"]}]},{"@type":"BreadcrumbList","@id":"https:\/\/standardypjm.pl\/?page_id=56&lang=pl_PL#breadcrumb","itemListElement":[{"@type":"ListItem","position":1,"name":"Home","item":"https:\/\/standardypjm.pl\/?lang=pl_PL"},{"@type":"ListItem","position":2,"name":"Produkt nr 1: opis kompetencji w zakresie polskiego j\u0119zyka migowego"}]},{"@type":"WebSite","@id":"https:\/\/standardypjm.pl\/?lang=pl_PL\/#website","url":"https:\/\/standardypjm.pl\/?lang=pl_PL\/","name":"Standardy Edukacyjne dla polskiego j\u0119zyka migowego","description":"","potentialAction":[{"@type":"SearchAction","target":{"@type":"EntryPoint","urlTemplate":"https:\/\/standardypjm.pl\/?lang=pl_PL\/?s={search_term_string}"},"query-input":{"@type":"PropertyValueSpecification","valueRequired":true,"valueName":"search_term_string"}}],"inLanguage":"pl-PL"}]}},"_links":{"self":[{"href":"https:\/\/standardypjm.pl?lang=pl_PL%2Findex.php&rest_route=\/wp\/v2\/pages\/56"}],"collection":[{"href":"https:\/\/standardypjm.pl?lang=pl_PL%2Findex.php&rest_route=\/wp\/v2\/pages"}],"about":[{"href":"https:\/\/standardypjm.pl?lang=pl_PL%2Findex.php&rest_route=\/wp\/v2\/types\/page"}],"author":[{"embeddable":true,"href":"https:\/\/standardypjm.pl?lang=pl_PL%2Findex.php&rest_route=\/wp\/v2\/users\/1"}],"replies":[{"embeddable":true,"href":"https:\/\/standardypjm.pl?lang=pl_PL%2Findex.php&rest_route=%2Fwp%2Fv2%2Fcomments&post=56"}],"version-history":[{"count":16,"href":"https:\/\/standardypjm.pl?lang=pl_PL%2Findex.php&rest_route=\/wp\/v2\/pages\/56\/revisions"}],"predecessor-version":[{"id":2174,"href":"https:\/\/standardypjm.pl?lang=pl_PL%2Findex.php&rest_route=\/wp\/v2\/pages\/56\/revisions\/2174"}],"wp:attachment":[{"href":"https:\/\/standardypjm.pl?lang=pl_PL%2Findex.php&rest_route=%2Fwp%2Fv2%2Fmedia&parent=56"}],"curies":[{"name":"wp","href":"https:\/\/api.w.org\/{rel}","templated":true}]}}