{"id":54,"date":"2020-09-02T11:08:42","date_gmt":"2020-09-02T09:08:42","guid":{"rendered":"http:\/\/standardypjm.pl\/?page_id=54"},"modified":"2021-04-13T17:48:24","modified_gmt":"2021-04-13T15:48:24","slug":"co-i-dla-kogo","status":"publish","type":"page","link":"https:\/\/standardypjm.pl\/?page_id=54&lang=pl_PL","title":{"rendered":"Co i dla kogo?"},"content":{"rendered":"<p>\nW<br \/>\nramach projektu opracowane zostan\u0105 dwa produkty:<\/p>\n<p>nr<br \/>\n1 &#8211; opis kompetencji w zakresie polskiego j\u0119zyka migowego (poziom A1<br \/>\ni A2)<\/p>\n<p>nr<br \/>\n2 &#8211; opis zasad oceniania polskiego j\u0119zyka migowego.<\/p>\n<p>Produkty<br \/>\nprojektu (nr 1 i nr 2) razem tworz\u0105 standardy edukacyjne polskiego<br \/>\nj\u0119zyka migowego. Standardy te zostan\u0105 przyj\u0119te przez co najmniej<br \/>\ndwadzie\u015bcia plac\u00f3wek edukacyjnych (szko\u0142y, plac\u00f3wki szkoleniowe).<\/p>\n<p>Rezultaty<br \/>\nprojektu skierowane s\u0105 do nast\u0119puj\u0105cych grup docelowych:<br \/>\nnauczycieli polskiego j\u0119zyka migowego, dyrektor\u00f3w szk\u00f3\u0142,<br \/>\nspecjalist\u00f3w zajmuj\u0105cych si\u0119 rozwojem j\u0119zykowym dzieci z wad\u0105<br \/>\ns\u0142uchu, rodzic\u00f3w, dzieci nies\u0142ysz\u0105cych w wieku szkolnym.<\/p>\n<figure class=\"wp-block-video\"><video controls src=\"https:\/\/standardypjm.pl\/wp-content\/uploads\/2021\/04\/co-i-dla-kogo.mp4\"><\/video><\/figure>\n","protected":false},"excerpt":{"rendered":"<p><!-- wp:paragraph --><\/p>\n<p>\nW<br \/>\nramach projektu opracowane zostan\u0105 dwa produkty:<\/p>\n<p><!-- \/wp:paragraph --><\/p>\n<p><!-- wp:paragraph --><\/p>\n<p>nr<br \/>\n1 &#8211; opis kompetencji w zakresie polskiego j\u0119zyka migowego (poziom A1<br \/>\ni A2)<\/p>\n<p><!-- \/wp:paragraph --><\/p>\n<p><!-- wp:paragr...\n<\/p>\n","protected":false},"author":1,"featured_media":0,"parent":0,"menu_order":0,"comment_status":"closed","ping_status":"closed","template":"","meta":{"footnotes":""},"class_list":["post-54","page","type-page","status-publish","hentry"],"yoast_head":"<!-- This site is optimized with the Yoast SEO plugin v23.8 - https:\/\/yoast.com\/wordpress\/plugins\/seo\/ -->\n<title>Co i dla kogo? - Standardy Edukacyjne dla polskiego j\u0119zyka migowego<\/title>\n<meta name=\"robots\" content=\"index, follow, max-snippet:-1, max-image-preview:large, max-video-preview:-1\" \/>\n<link rel=\"canonical\" href=\"https:\/\/standardypjm.pl\/?page_id=54&lang=pl_PL\" \/>\n<meta property=\"og:locale\" content=\"pl_PL\" \/>\n<meta property=\"og:type\" content=\"article\" \/>\n<meta property=\"og:title\" content=\"Co i dla kogo? - Standardy Edukacyjne dla polskiego j\u0119zyka migowego\" \/>\n<meta property=\"og:description\" content=\"W ramach projektu opracowane zostan\u0105 dwa produkty:  nr 1 - opis kompetencji w zakresie polskiego j\u0119zyka migowego (poziom A1 i A2)\" \/>\n<meta property=\"og:url\" content=\"https:\/\/standardypjm.pl\/?page_id=54&amp;lang=pl_PL\" \/>\n<meta property=\"og:site_name\" content=\"Standardy Edukacyjne dla polskiego j\u0119zyka migowego\" \/>\n<meta property=\"article:modified_time\" content=\"2021-04-13T15:48:24+00:00\" \/>\n<meta name=\"twitter:card\" content=\"summary_large_image\" \/>\n<meta name=\"twitter:label1\" content=\"Szacowany czas czytania\" \/>\n\t<meta name=\"twitter:data1\" content=\"1 minuta\" \/>\n<script type=\"application\/ld+json\" class=\"yoast-schema-graph\">{\"@context\":\"https:\/\/schema.org\",\"@graph\":[{\"@type\":\"WebPage\",\"@id\":\"https:\/\/standardypjm.pl\/?page_id=54&lang=pl_PL\",\"url\":\"https:\/\/standardypjm.pl\/?page_id=54&lang=pl_PL\",\"name\":\"Co i dla kogo? - Standardy Edukacyjne dla polskiego j\u0119zyka migowego\",\"isPartOf\":{\"@id\":\"https:\/\/standardypjm.pl\/?lang=pl_PL\/#website\"},\"datePublished\":\"2020-09-02T09:08:42+00:00\",\"dateModified\":\"2021-04-13T15:48:24+00:00\",\"breadcrumb\":{\"@id\":\"https:\/\/standardypjm.pl\/?page_id=54&lang=pl_PL#breadcrumb\"},\"inLanguage\":\"pl-PL\",\"potentialAction\":[{\"@type\":\"ReadAction\",\"target\":[\"https:\/\/standardypjm.pl\/?page_id=54&lang=pl_PL\"]}]},{\"@type\":\"BreadcrumbList\",\"@id\":\"https:\/\/standardypjm.pl\/?page_id=54&lang=pl_PL#breadcrumb\",\"itemListElement\":[{\"@type\":\"ListItem\",\"position\":1,\"name\":\"Home\",\"item\":\"https:\/\/standardypjm.pl\/?lang=pl_PL\"},{\"@type\":\"ListItem\",\"position\":2,\"name\":\"Co i dla kogo?\"}]},{\"@type\":\"WebSite\",\"@id\":\"https:\/\/standardypjm.pl\/?lang=pl_PL\/#website\",\"url\":\"https:\/\/standardypjm.pl\/?lang=pl_PL\/\",\"name\":\"Standardy Edukacyjne dla polskiego j\u0119zyka migowego\",\"description\":\"\",\"potentialAction\":[{\"@type\":\"SearchAction\",\"target\":{\"@type\":\"EntryPoint\",\"urlTemplate\":\"https:\/\/standardypjm.pl\/?lang=pl_PL\/?s={search_term_string}\"},\"query-input\":{\"@type\":\"PropertyValueSpecification\",\"valueRequired\":true,\"valueName\":\"search_term_string\"}}],\"inLanguage\":\"pl-PL\"}]}<\/script>\n<!-- \/ Yoast SEO plugin. -->","yoast_head_json":{"title":"Co i dla kogo? - Standardy Edukacyjne dla polskiego j\u0119zyka migowego","robots":{"index":"index","follow":"follow","max-snippet":"max-snippet:-1","max-image-preview":"max-image-preview:large","max-video-preview":"max-video-preview:-1"},"canonical":"https:\/\/standardypjm.pl\/?page_id=54&lang=pl_PL","og_locale":"pl_PL","og_type":"article","og_title":"Co i dla kogo? - Standardy Edukacyjne dla polskiego j\u0119zyka migowego","og_description":"W ramach projektu opracowane zostan\u0105 dwa produkty:  nr 1 - opis kompetencji w zakresie polskiego j\u0119zyka migowego (poziom A1 i A2)","og_url":"https:\/\/standardypjm.pl\/?page_id=54&lang=pl_PL","og_site_name":"Standardy Edukacyjne dla polskiego j\u0119zyka migowego","article_modified_time":"2021-04-13T15:48:24+00:00","twitter_card":"summary_large_image","twitter_misc":{"Szacowany czas czytania":"1 minuta"},"schema":{"@context":"https:\/\/schema.org","@graph":[{"@type":"WebPage","@id":"https:\/\/standardypjm.pl\/?page_id=54&lang=pl_PL","url":"https:\/\/standardypjm.pl\/?page_id=54&lang=pl_PL","name":"Co i dla kogo? - Standardy Edukacyjne dla polskiego j\u0119zyka migowego","isPartOf":{"@id":"https:\/\/standardypjm.pl\/?lang=pl_PL\/#website"},"datePublished":"2020-09-02T09:08:42+00:00","dateModified":"2021-04-13T15:48:24+00:00","breadcrumb":{"@id":"https:\/\/standardypjm.pl\/?page_id=54&lang=pl_PL#breadcrumb"},"inLanguage":"pl-PL","potentialAction":[{"@type":"ReadAction","target":["https:\/\/standardypjm.pl\/?page_id=54&lang=pl_PL"]}]},{"@type":"BreadcrumbList","@id":"https:\/\/standardypjm.pl\/?page_id=54&lang=pl_PL#breadcrumb","itemListElement":[{"@type":"ListItem","position":1,"name":"Home","item":"https:\/\/standardypjm.pl\/?lang=pl_PL"},{"@type":"ListItem","position":2,"name":"Co i dla kogo?"}]},{"@type":"WebSite","@id":"https:\/\/standardypjm.pl\/?lang=pl_PL\/#website","url":"https:\/\/standardypjm.pl\/?lang=pl_PL\/","name":"Standardy Edukacyjne dla polskiego j\u0119zyka migowego","description":"","potentialAction":[{"@type":"SearchAction","target":{"@type":"EntryPoint","urlTemplate":"https:\/\/standardypjm.pl\/?lang=pl_PL\/?s={search_term_string}"},"query-input":{"@type":"PropertyValueSpecification","valueRequired":true,"valueName":"search_term_string"}}],"inLanguage":"pl-PL"}]}},"_links":{"self":[{"href":"https:\/\/standardypjm.pl?lang=pl_PL%2Findex.php&rest_route=\/wp\/v2\/pages\/54"}],"collection":[{"href":"https:\/\/standardypjm.pl?lang=pl_PL%2Findex.php&rest_route=\/wp\/v2\/pages"}],"about":[{"href":"https:\/\/standardypjm.pl?lang=pl_PL%2Findex.php&rest_route=\/wp\/v2\/types\/page"}],"author":[{"embeddable":true,"href":"https:\/\/standardypjm.pl?lang=pl_PL%2Findex.php&rest_route=\/wp\/v2\/users\/1"}],"replies":[{"embeddable":true,"href":"https:\/\/standardypjm.pl?lang=pl_PL%2Findex.php&rest_route=%2Fwp%2Fv2%2Fcomments&post=54"}],"version-history":[{"count":12,"href":"https:\/\/standardypjm.pl?lang=pl_PL%2Findex.php&rest_route=\/wp\/v2\/pages\/54\/revisions"}],"predecessor-version":[{"id":317,"href":"https:\/\/standardypjm.pl?lang=pl_PL%2Findex.php&rest_route=\/wp\/v2\/pages\/54\/revisions\/317"}],"wp:attachment":[{"href":"https:\/\/standardypjm.pl?lang=pl_PL%2Findex.php&rest_route=%2Fwp%2Fv2%2Fmedia&parent=54"}],"curies":[{"name":"wp","href":"https:\/\/api.w.org\/{rel}","templated":true}]}}