{"id":2044,"date":"2021-09-02T21:58:06","date_gmt":"2021-09-02T19:58:06","guid":{"rendered":"https:\/\/standardypjm.pl\/?page_id=2044"},"modified":"2021-09-02T22:02:34","modified_gmt":"2021-09-02T20:02:34","slug":"zabieranie-glosu-a2","status":"publish","type":"page","link":"https:\/\/standardypjm.pl\/?page_id=2044&lang=pl_PL","title":{"rendered":"Zabieranie g\u0142osu (A2)"},"content":{"rendered":"<div class=\"wp-block-media-text alignwide is-stacked-on-mobile is-vertically-aligned-top\" style=\"grid-template-columns:60% auto\">\n<figure class=\"wp-block-media-text__media\"><video controls src=\"https:\/\/standardypjm.pl\/wp-content\/uploads\/2021\/08\/a2-112_a2-186.mp4\"><\/video><\/figure>\n<div class=\"wp-block-media-text__content\">\n<p class=\"has-normal-font-size\">Porafi prosi\u0107 o uwag\u0119.<\/p>\n<\/div>\n<\/div>\n<div style=\"height:100px\" aria-hidden=\"true\" class=\"wp-block-spacer\"><\/div>\n<div class=\"wp-block-media-text alignwide is-stacked-on-mobile is-vertically-aligned-top\" style=\"grid-template-columns:60% auto\">\n<figure class=\"wp-block-media-text__media\"><video controls src=\"https:\/\/standardypjm.pl\/wp-content\/uploads\/2021\/08\/a2-113_a2-187.mp4\"><\/video><\/figure>\n<div class=\"wp-block-media-text__content\">\n<p class=\"has-normal-font-size\">Umie rozpoczyna\u0107, prowadzi\u0107 i ko\u0144czy\u0107 proste dialogi.<\/p>\n<\/div>\n<\/div>\n<div style=\"height:100px\" aria-hidden=\"true\" class=\"wp-block-spacer\"><\/div>\n<div class=\"wp-block-media-text alignwide is-stacked-on-mobile is-vertically-aligned-top\" style=\"grid-template-columns:60% auto\">\n<figure class=\"wp-block-media-text__media\"><video controls src=\"https:\/\/standardypjm.pl\/wp-content\/uploads\/2021\/08\/a2-114_a2-188.mp4\"><\/video><\/figure>\n<div class=\"wp-block-media-text__content\">\n<p class=\"has-normal-font-size\">Potrafi stosowa\u0107 proste strategie rozpoczynania, podtrzymywania lub ko\u0144czenia kr\u00f3tkiej rozmowy.<\/p>\n<\/div>\n<\/div>\n","protected":false},"excerpt":{"rendered":"<p><!-- wp:media-text {\"mediaId\":1479,\"mediaLink\":\"https:\/\/standardypjm.pl\/?attachment_id=1479\\u0026lang=pl_PL\",\"mediaType\":\"video\",\"mediaWidth\":60,\"verticalAlignment\":\"top\"} --><\/p>\n<div class=\"wp-block-media-text alignwide is-stacked-on-mobile is-vertical... \n\n","protected":false},"author":1,"featured_media":0,"parent":1250,"menu_order":0,"comment_status":"closed","ping_status":"closed","template":"","meta":{"footnotes":""},"class_list":["post-2044","page","type-page","status-publish","hentry"],"yoast_head":"<!-- This site is optimized with the Yoast SEO plugin v23.8 - https:\/\/yoast.com\/wordpress\/plugins\/seo\/ -->\n<title>Zabieranie g\u0142osu (A2) - Standardy Edukacyjne dla polskiego j\u0119zyka migowego<\/title>\n<meta name=\"robots\" content=\"index, follow, max-snippet:-1, max-image-preview:large, max-video-preview:-1\" \/>\n<link rel=\"canonical\" href=\"https:\/\/standardypjm.pl\/?page_id=2044\" \/>\n<meta property=\"og:locale\" content=\"pl_PL\" \/>\n<meta property=\"og:type\" content=\"article\" \/>\n<meta property=\"og:title\" content=\"Zabieranie g\u0142osu (A2) - Standardy Edukacyjne dla polskiego j\u0119zyka migowego\" \/>\n<meta property=\"og:url\" content=\"https:\/\/standardypjm.pl\/?page_id=2044\" \/>\n<meta property=\"og:site_name\" content=\"Standardy Edukacyjne dla polskiego j\u0119zyka migowego\" \/>\n<meta property=\"article:modified_time\" content=\"2021-09-02T20:02:34+00:00\" \/>\n<meta name=\"twitter:card\" content=\"summary_large_image\" \/>\n<meta name=\"twitter:label1\" content=\"Szacowany czas czytania\" \/>\n\t<meta name=\"twitter:data1\" content=\"1 minuta\" \/>\n<script type=\"application\/ld+json\" class=\"yoast-schema-graph\">{\"@context\":\"https:\/\/schema.org\",\"@graph\":[{\"@type\":\"WebPage\",\"@id\":\"https:\/\/standardypjm.pl\/?page_id=2044\",\"url\":\"https:\/\/standardypjm.pl\/?page_id=2044\",\"name\":\"Zabieranie g\u0142osu (A2) - Standardy Edukacyjne dla polskiego j\u0119zyka migowego\",\"isPartOf\":{\"@id\":\"https:\/\/standardypjm.pl\/?lang=pl_PL\/#website\"},\"datePublished\":\"2021-09-02T19:58:06+00:00\",\"dateModified\":\"2021-09-02T20:02:34+00:00\",\"breadcrumb\":{\"@id\":\"https:\/\/standardypjm.pl\/?page_id=2044#breadcrumb\"},\"inLanguage\":\"pl-PL\",\"potentialAction\":[{\"@type\":\"ReadAction\",\"target\":[\"https:\/\/standardypjm.pl\/?page_id=2044\"]}]},{\"@type\":\"BreadcrumbList\",\"@id\":\"https:\/\/standardypjm.pl\/?page_id=2044#breadcrumb\",\"itemListElement\":[{\"@type\":\"ListItem\",\"position\":1,\"name\":\"Home\",\"item\":\"https:\/\/standardypjm.pl\/?lang=pl_PL\"},{\"@type\":\"ListItem\",\"position\":2,\"name\":\"Komunikacyjne kompetencje j\u0119zykowe\",\"item\":\"https:\/\/standardypjm.pl\/?page_id=1250&lang=pl_PL\"},{\"@type\":\"ListItem\",\"position\":3,\"name\":\"Zabieranie g\u0142osu (A2)\"}]},{\"@type\":\"WebSite\",\"@id\":\"https:\/\/standardypjm.pl\/?lang=pl_PL\/#website\",\"url\":\"https:\/\/standardypjm.pl\/?lang=pl_PL\/\",\"name\":\"Standardy Edukacyjne dla polskiego j\u0119zyka migowego\",\"description\":\"\",\"potentialAction\":[{\"@type\":\"SearchAction\",\"target\":{\"@type\":\"EntryPoint\",\"urlTemplate\":\"https:\/\/standardypjm.pl\/?lang=pl_PL\/?s={search_term_string}\"},\"query-input\":{\"@type\":\"PropertyValueSpecification\",\"valueRequired\":true,\"valueName\":\"search_term_string\"}}],\"inLanguage\":\"pl-PL\"}]}<\/script>\n<!-- \/ Yoast SEO plugin. -->","yoast_head_json":{"title":"Zabieranie g\u0142osu (A2) - Standardy Edukacyjne dla polskiego j\u0119zyka migowego","robots":{"index":"index","follow":"follow","max-snippet":"max-snippet:-1","max-image-preview":"max-image-preview:large","max-video-preview":"max-video-preview:-1"},"canonical":"https:\/\/standardypjm.pl\/?page_id=2044","og_locale":"pl_PL","og_type":"article","og_title":"Zabieranie g\u0142osu (A2) - Standardy Edukacyjne dla polskiego j\u0119zyka migowego","og_url":"https:\/\/standardypjm.pl\/?page_id=2044","og_site_name":"Standardy Edukacyjne dla polskiego j\u0119zyka migowego","article_modified_time":"2021-09-02T20:02:34+00:00","twitter_card":"summary_large_image","twitter_misc":{"Szacowany czas czytania":"1 minuta"},"schema":{"@context":"https:\/\/schema.org","@graph":[{"@type":"WebPage","@id":"https:\/\/standardypjm.pl\/?page_id=2044","url":"https:\/\/standardypjm.pl\/?page_id=2044","name":"Zabieranie g\u0142osu (A2) - Standardy Edukacyjne dla polskiego j\u0119zyka migowego","isPartOf":{"@id":"https:\/\/standardypjm.pl\/?lang=pl_PL\/#website"},"datePublished":"2021-09-02T19:58:06+00:00","dateModified":"2021-09-02T20:02:34+00:00","breadcrumb":{"@id":"https:\/\/standardypjm.pl\/?page_id=2044#breadcrumb"},"inLanguage":"pl-PL","potentialAction":[{"@type":"ReadAction","target":["https:\/\/standardypjm.pl\/?page_id=2044"]}]},{"@type":"BreadcrumbList","@id":"https:\/\/standardypjm.pl\/?page_id=2044#breadcrumb","itemListElement":[{"@type":"ListItem","position":1,"name":"Home","item":"https:\/\/standardypjm.pl\/?lang=pl_PL"},{"@type":"ListItem","position":2,"name":"Komunikacyjne kompetencje j\u0119zykowe","item":"https:\/\/standardypjm.pl\/?page_id=1250&lang=pl_PL"},{"@type":"ListItem","position":3,"name":"Zabieranie g\u0142osu (A2)"}]},{"@type":"WebSite","@id":"https:\/\/standardypjm.pl\/?lang=pl_PL\/#website","url":"https:\/\/standardypjm.pl\/?lang=pl_PL\/","name":"Standardy Edukacyjne dla polskiego j\u0119zyka migowego","description":"","potentialAction":[{"@type":"SearchAction","target":{"@type":"EntryPoint","urlTemplate":"https:\/\/standardypjm.pl\/?lang=pl_PL\/?s={search_term_string}"},"query-input":{"@type":"PropertyValueSpecification","valueRequired":true,"valueName":"search_term_string"}}],"inLanguage":"pl-PL"}]}},"_links":{"self":[{"href":"https:\/\/standardypjm.pl?lang=pl_PL%2Findex.php&rest_route=\/wp\/v2\/pages\/2044"}],"collection":[{"href":"https:\/\/standardypjm.pl?lang=pl_PL%2Findex.php&rest_route=\/wp\/v2\/pages"}],"about":[{"href":"https:\/\/standardypjm.pl?lang=pl_PL%2Findex.php&rest_route=\/wp\/v2\/types\/page"}],"author":[{"embeddable":true,"href":"https:\/\/standardypjm.pl?lang=pl_PL%2Findex.php&rest_route=\/wp\/v2\/users\/1"}],"replies":[{"embeddable":true,"href":"https:\/\/standardypjm.pl?lang=pl_PL%2Findex.php&rest_route=%2Fwp%2Fv2%2Fcomments&post=2044"}],"version-history":[{"count":3,"href":"https:\/\/standardypjm.pl?lang=pl_PL%2Findex.php&rest_route=\/wp\/v2\/pages\/2044\/revisions"}],"predecessor-version":[{"id":2051,"href":"https:\/\/standardypjm.pl?lang=pl_PL%2Findex.php&rest_route=\/wp\/v2\/pages\/2044\/revisions\/2051"}],"up":[{"embeddable":true,"href":"https:\/\/standardypjm.pl?lang=pl_PL%2Findex.php&rest_route=\/wp\/v2\/pages\/1250"}],"wp:attachment":[{"href":"https:\/\/standardypjm.pl?lang=pl_PL%2Findex.php&rest_route=%2Fwp%2Fv2%2Fmedia&parent=2044"}],"curies":[{"name":"wp","href":"https:\/\/api.w.org\/{rel}","templated":true}]}}