{"id":2010,"date":"2021-09-02T18:58:57","date_gmt":"2021-09-02T16:58:57","guid":{"rendered":"https:\/\/standardypjm.pl\/?page_id=2010"},"modified":"2021-09-02T19:07:56","modified_gmt":"2021-09-02T17:07:56","slug":"poprawnosc-leksykalna-a2","status":"publish","type":"page","link":"https:\/\/standardypjm.pl\/?page_id=2010&lang=pl_PL","title":{"rendered":"Poprawno\u015b\u0107 leksykalna (A2)"},"content":{"rendered":"<div class=\"wp-block-media-text alignwide is-stacked-on-mobile is-vertically-aligned-top\" style=\"grid-template-columns:60% auto\">\n<figure class=\"wp-block-media-text__media\"><video controls src=\"https:\/\/standardypjm.pl\/wp-content\/uploads\/2021\/08\/a2-175.mp4\"><\/video><\/figure>\n<div class=\"wp-block-media-text__content\">\n<p class=\"has-normal-font-size\">Potrafi pos\u0142ugiwa\u0107 si\u0119 w\u0105skim zakresem s\u0142ownictwa, zwi\u0105zanym z konkretnymi potrzebami \u017cycia codziennego.<\/p>\n<\/div>\n<\/div>\n<div style=\"height:100px\" aria-hidden=\"true\" class=\"wp-block-spacer\"><\/div>\n<div class=\"wp-block-media-text alignwide is-stacked-on-mobile is-vertically-aligned-top\" style=\"grid-template-columns:60% auto\">\n<figure class=\"wp-block-media-text__media\"><video controls src=\"https:\/\/standardypjm.pl\/wp-content\/uploads\/2021\/08\/a2-176.mp4\"><\/video><\/figure>\n<div class=\"wp-block-media-text__content\">\n<p class=\"has-normal-font-size\">Potrafi wyprodukowa\u0107 poprawne uk\u0142ady ust i zastosowa\u0107 je do rozr\u00f3\u017cnienia takich samych znak\u00f3w.<\/p>\n<\/div>\n<\/div>\n<div style=\"height:100px\" aria-hidden=\"true\" class=\"wp-block-spacer\"><\/div>\n<div class=\"wp-block-media-text alignwide is-stacked-on-mobile is-vertically-aligned-top\" style=\"grid-template-columns:60% auto\">\n<figure class=\"wp-block-media-text__media\"><video controls src=\"https:\/\/standardypjm.pl\/wp-content\/uploads\/2021\/08\/a2-177.mp4\"><\/video><\/figure>\n<div class=\"wp-block-media-text__content\">\n<p class=\"has-normal-font-size\">Potrafi wyra\u017ca\u0107 ilo\u015b\u0107\/liczebno\u015b\u0107 czego\u015b z wykorzystaniem mimiki.<\/p>\n<\/div>\n<\/div>\n","protected":false},"excerpt":{"rendered":"<p><!-- wp:media-text {\"mediaId\":1542,\"mediaLink\":\"https:\/\/standardypjm.pl\/?attachment_id=1542\\u0026lang=pl_PL\",\"mediaType\":\"video\",\"mediaWidth\":60,\"verticalAlignment\":\"top\"} --><\/p>\n<div class=\"wp-block-media-text alignwide is-stacked-on-mobile is-vertical... \n\n","protected":false},"author":1,"featured_media":0,"parent":1250,"menu_order":0,"comment_status":"closed","ping_status":"closed","template":"","meta":{"footnotes":""},"class_list":["post-2010","page","type-page","status-publish","hentry"],"yoast_head":"<!-- This site is optimized with the Yoast SEO plugin v23.8 - https:\/\/yoast.com\/wordpress\/plugins\/seo\/ -->\n<title>Poprawno\u015b\u0107 leksykalna (A2) - Standardy Edukacyjne dla polskiego j\u0119zyka migowego<\/title>\n<meta name=\"robots\" content=\"index, follow, max-snippet:-1, max-image-preview:large, max-video-preview:-1\" \/>\n<link rel=\"canonical\" href=\"https:\/\/standardypjm.pl\/?page_id=2010\" \/>\n<meta property=\"og:locale\" content=\"pl_PL\" \/>\n<meta property=\"og:type\" content=\"article\" \/>\n<meta property=\"og:title\" content=\"Poprawno\u015b\u0107 leksykalna (A2) - Standardy Edukacyjne dla polskiego j\u0119zyka migowego\" \/>\n<meta property=\"og:url\" content=\"https:\/\/standardypjm.pl\/?page_id=2010\" \/>\n<meta property=\"og:site_name\" content=\"Standardy Edukacyjne dla polskiego j\u0119zyka migowego\" \/>\n<meta property=\"article:modified_time\" content=\"2021-09-02T17:07:56+00:00\" \/>\n<meta name=\"twitter:card\" content=\"summary_large_image\" \/>\n<meta name=\"twitter:label1\" content=\"Szacowany czas czytania\" \/>\n\t<meta name=\"twitter:data1\" content=\"1 minuta\" \/>\n<script type=\"application\/ld+json\" class=\"yoast-schema-graph\">{\"@context\":\"https:\/\/schema.org\",\"@graph\":[{\"@type\":\"WebPage\",\"@id\":\"https:\/\/standardypjm.pl\/?page_id=2010\",\"url\":\"https:\/\/standardypjm.pl\/?page_id=2010\",\"name\":\"Poprawno\u015b\u0107 leksykalna (A2) - Standardy Edukacyjne dla polskiego j\u0119zyka migowego\",\"isPartOf\":{\"@id\":\"https:\/\/standardypjm.pl\/?lang=pl_PL\/#website\"},\"datePublished\":\"2021-09-02T16:58:57+00:00\",\"dateModified\":\"2021-09-02T17:07:56+00:00\",\"breadcrumb\":{\"@id\":\"https:\/\/standardypjm.pl\/?page_id=2010#breadcrumb\"},\"inLanguage\":\"pl-PL\",\"potentialAction\":[{\"@type\":\"ReadAction\",\"target\":[\"https:\/\/standardypjm.pl\/?page_id=2010\"]}]},{\"@type\":\"BreadcrumbList\",\"@id\":\"https:\/\/standardypjm.pl\/?page_id=2010#breadcrumb\",\"itemListElement\":[{\"@type\":\"ListItem\",\"position\":1,\"name\":\"Home\",\"item\":\"https:\/\/standardypjm.pl\/?lang=pl_PL\"},{\"@type\":\"ListItem\",\"position\":2,\"name\":\"Komunikacyjne kompetencje j\u0119zykowe\",\"item\":\"https:\/\/standardypjm.pl\/?page_id=1250&lang=pl_PL\"},{\"@type\":\"ListItem\",\"position\":3,\"name\":\"Poprawno\u015b\u0107 leksykalna (A2)\"}]},{\"@type\":\"WebSite\",\"@id\":\"https:\/\/standardypjm.pl\/?lang=pl_PL\/#website\",\"url\":\"https:\/\/standardypjm.pl\/?lang=pl_PL\/\",\"name\":\"Standardy Edukacyjne dla polskiego j\u0119zyka migowego\",\"description\":\"\",\"potentialAction\":[{\"@type\":\"SearchAction\",\"target\":{\"@type\":\"EntryPoint\",\"urlTemplate\":\"https:\/\/standardypjm.pl\/?lang=pl_PL\/?s={search_term_string}\"},\"query-input\":{\"@type\":\"PropertyValueSpecification\",\"valueRequired\":true,\"valueName\":\"search_term_string\"}}],\"inLanguage\":\"pl-PL\"}]}<\/script>\n<!-- \/ Yoast SEO plugin. -->","yoast_head_json":{"title":"Poprawno\u015b\u0107 leksykalna (A2) - Standardy Edukacyjne dla polskiego j\u0119zyka migowego","robots":{"index":"index","follow":"follow","max-snippet":"max-snippet:-1","max-image-preview":"max-image-preview:large","max-video-preview":"max-video-preview:-1"},"canonical":"https:\/\/standardypjm.pl\/?page_id=2010","og_locale":"pl_PL","og_type":"article","og_title":"Poprawno\u015b\u0107 leksykalna (A2) - Standardy Edukacyjne dla polskiego j\u0119zyka migowego","og_url":"https:\/\/standardypjm.pl\/?page_id=2010","og_site_name":"Standardy Edukacyjne dla polskiego j\u0119zyka migowego","article_modified_time":"2021-09-02T17:07:56+00:00","twitter_card":"summary_large_image","twitter_misc":{"Szacowany czas czytania":"1 minuta"},"schema":{"@context":"https:\/\/schema.org","@graph":[{"@type":"WebPage","@id":"https:\/\/standardypjm.pl\/?page_id=2010","url":"https:\/\/standardypjm.pl\/?page_id=2010","name":"Poprawno\u015b\u0107 leksykalna (A2) - Standardy Edukacyjne dla polskiego j\u0119zyka migowego","isPartOf":{"@id":"https:\/\/standardypjm.pl\/?lang=pl_PL\/#website"},"datePublished":"2021-09-02T16:58:57+00:00","dateModified":"2021-09-02T17:07:56+00:00","breadcrumb":{"@id":"https:\/\/standardypjm.pl\/?page_id=2010#breadcrumb"},"inLanguage":"pl-PL","potentialAction":[{"@type":"ReadAction","target":["https:\/\/standardypjm.pl\/?page_id=2010"]}]},{"@type":"BreadcrumbList","@id":"https:\/\/standardypjm.pl\/?page_id=2010#breadcrumb","itemListElement":[{"@type":"ListItem","position":1,"name":"Home","item":"https:\/\/standardypjm.pl\/?lang=pl_PL"},{"@type":"ListItem","position":2,"name":"Komunikacyjne kompetencje j\u0119zykowe","item":"https:\/\/standardypjm.pl\/?page_id=1250&lang=pl_PL"},{"@type":"ListItem","position":3,"name":"Poprawno\u015b\u0107 leksykalna (A2)"}]},{"@type":"WebSite","@id":"https:\/\/standardypjm.pl\/?lang=pl_PL\/#website","url":"https:\/\/standardypjm.pl\/?lang=pl_PL\/","name":"Standardy Edukacyjne dla polskiego j\u0119zyka migowego","description":"","potentialAction":[{"@type":"SearchAction","target":{"@type":"EntryPoint","urlTemplate":"https:\/\/standardypjm.pl\/?lang=pl_PL\/?s={search_term_string}"},"query-input":{"@type":"PropertyValueSpecification","valueRequired":true,"valueName":"search_term_string"}}],"inLanguage":"pl-PL"}]}},"_links":{"self":[{"href":"https:\/\/standardypjm.pl?lang=pl_PL%2Findex.php&rest_route=\/wp\/v2\/pages\/2010"}],"collection":[{"href":"https:\/\/standardypjm.pl?lang=pl_PL%2Findex.php&rest_route=\/wp\/v2\/pages"}],"about":[{"href":"https:\/\/standardypjm.pl?lang=pl_PL%2Findex.php&rest_route=\/wp\/v2\/types\/page"}],"author":[{"embeddable":true,"href":"https:\/\/standardypjm.pl?lang=pl_PL%2Findex.php&rest_route=\/wp\/v2\/users\/1"}],"replies":[{"embeddable":true,"href":"https:\/\/standardypjm.pl?lang=pl_PL%2Findex.php&rest_route=%2Fwp%2Fv2%2Fcomments&post=2010"}],"version-history":[{"count":3,"href":"https:\/\/standardypjm.pl?lang=pl_PL%2Findex.php&rest_route=\/wp\/v2\/pages\/2010\/revisions"}],"predecessor-version":[{"id":2017,"href":"https:\/\/standardypjm.pl?lang=pl_PL%2Findex.php&rest_route=\/wp\/v2\/pages\/2010\/revisions\/2017"}],"up":[{"embeddable":true,"href":"https:\/\/standardypjm.pl?lang=pl_PL%2Findex.php&rest_route=\/wp\/v2\/pages\/1250"}],"wp:attachment":[{"href":"https:\/\/standardypjm.pl?lang=pl_PL%2Findex.php&rest_route=%2Fwp%2Fv2%2Fmedia&parent=2010"}],"curies":[{"name":"wp","href":"https:\/\/api.w.org\/{rel}","templated":true}]}}