{"id":1977,"date":"2021-09-01T23:16:55","date_gmt":"2021-09-01T21:16:55","guid":{"rendered":"https:\/\/standardypjm.pl\/?page_id=1977"},"modified":"2021-09-01T23:21:57","modified_gmt":"2021-09-01T21:21:57","slug":"stosowanie-srodkow-jezykowych-zakres-ogolny-a2","status":"publish","type":"page","link":"https:\/\/standardypjm.pl\/?page_id=1977&lang=pl_PL","title":{"rendered":"Stosowanie \u015brodk\u00f3w j\u0119zykowych: zakres og\u00f3lny (A2)"},"content":{"rendered":"<div class=\"wp-block-media-text alignwide is-stacked-on-mobile is-vertically-aligned-top\" style=\"grid-template-columns:60% auto\">\n<figure class=\"wp-block-media-text__media\"><video controls src=\"https:\/\/standardypjm.pl\/wp-content\/uploads\/2021\/08\/a2-157.mp4\"><\/video><\/figure>\n<div class=\"wp-block-media-text__content\">\n<p class=\"has-normal-font-size\">Dysponuje ograniczonym zasobem kr\u00f3tkich wyuczonych na pami\u0119\u0107 wyra\u017ce\u0144 dotycz\u0105cych prawdopodobnych sytuacji \u017cyciowych. W sytuacjach nietypowych wyst\u0119puj\u0105 cz\u0119ste za\u0142amania komunikacji i nieporozumienia.<\/p>\n<\/div>\n<\/div>\n<div style=\"height:100px\" aria-hidden=\"true\" class=\"wp-block-spacer\"><\/div>\n<div class=\"wp-block-media-text alignwide is-stacked-on-mobile is-vertically-aligned-top\" style=\"grid-template-columns:60% auto\">\n<figure class=\"wp-block-media-text__media\"><video controls src=\"https:\/\/standardypjm.pl\/wp-content\/uploads\/2021\/08\/a2-158.mp4\"><\/video><\/figure>\n<div class=\"wp-block-media-text__content\">\n<p class=\"has-normal-font-size\">Potrafi u\u017cywa\u0107 prostych wzor\u00f3w zda\u0144 i komunikowa\u0107 si\u0119 za pomoc\u0105 zapami\u0119tanych wyra\u017ce\u0144, grup kilku znak\u00f3w i utartych formu\u0142ek \u2013 na temat siebie i innych os\u00f3b, tego czym si\u0119 zajmuj\u0105, miejsc, posiadanych rzeczy itp.<\/p>\n<\/div>\n<\/div>\n<div style=\"height:100px\" aria-hidden=\"true\" class=\"wp-block-spacer\"><\/div>\n<div class=\"wp-block-media-text alignwide is-stacked-on-mobile is-vertically-aligned-top\" style=\"grid-template-columns:60% auto\">\n<figure class=\"wp-block-media-text__media\"><video controls src=\"https:\/\/standardypjm.pl\/wp-content\/uploads\/2021\/08\/a2-159.mp4\"><\/video><\/figure>\n<div class=\"wp-block-media-text__content\">\n<p class=\"has-normal-font-size\">Potrafi formu\u0142owa\u0107 kr\u00f3tkie stwierdzenia dotycz\u0105ce codziennych, prostych potrzeb konkretnego rodzaju: danych osobowych, rutynowych czynno\u015bci \u017cycia codziennego, pragnie\u0144 i potrzeb, pyta\u0144 o informacj\u0119.<\/p>\n<\/div>\n<\/div>\n<div style=\"height:100px\" aria-hidden=\"true\" class=\"wp-block-spacer\"><\/div>\n<div class=\"wp-block-media-text alignwide is-stacked-on-mobile is-vertically-aligned-top\" style=\"grid-template-columns:60% auto\">\n<figure class=\"wp-block-media-text__media\"><video controls src=\"https:\/\/standardypjm.pl\/wp-content\/uploads\/2021\/08\/a2-160.mp4\"><\/video><\/figure>\n<div class=\"wp-block-media-text__content\">\n<p class=\"has-normal-font-size\">Dysponuje podstawowym zasobem \u015brodk\u00f3w j\u0119zykowych, pozwalaj\u0105cym na radzenie sobie z komunikacj\u0105 w przewidywalnych sytuacjach \u017cycia codziennego, chocia\u017c musi czasem ogranicza\u0107 przekaz i szuka\u0107 s\u0142\u00f3w w pami\u0119ci.<\/p>\n<\/div>\n<\/div>\n","protected":false},"excerpt":{"rendered":"<p><!-- wp:media-text {\"mediaId\":1524,\"mediaLink\":\"https:\/\/standardypjm.pl\/?attachment_id=1524\\u0026lang=pl_PL\",\"mediaType\":\"video\",\"mediaWidth\":60,\"verticalAlignment\":\"top\"} --><\/p>\n<div class=\"wp-block-media-text alignwide is-stacked-on-mobile is-vertical... \n\n","protected":false},"author":1,"featured_media":0,"parent":1250,"menu_order":0,"comment_status":"closed","ping_status":"closed","template":"","meta":{"footnotes":""},"class_list":["post-1977","page","type-page","status-publish","hentry"],"yoast_head":"<!-- This site is optimized with the Yoast SEO plugin v23.8 - https:\/\/yoast.com\/wordpress\/plugins\/seo\/ -->\n<title>Stosowanie \u015brodk\u00f3w j\u0119zykowych: zakres og\u00f3lny (A2) - Standardy Edukacyjne dla polskiego j\u0119zyka migowego<\/title>\n<meta name=\"robots\" content=\"index, follow, max-snippet:-1, max-image-preview:large, max-video-preview:-1\" \/>\n<link rel=\"canonical\" href=\"https:\/\/standardypjm.pl\/?page_id=1977\" \/>\n<meta property=\"og:locale\" content=\"pl_PL\" \/>\n<meta property=\"og:type\" content=\"article\" \/>\n<meta property=\"og:title\" content=\"Stosowanie \u015brodk\u00f3w j\u0119zykowych: zakres og\u00f3lny (A2) - Standardy Edukacyjne dla polskiego j\u0119zyka migowego\" \/>\n<meta property=\"og:url\" content=\"https:\/\/standardypjm.pl\/?page_id=1977\" \/>\n<meta property=\"og:site_name\" content=\"Standardy Edukacyjne dla polskiego j\u0119zyka migowego\" \/>\n<meta property=\"article:modified_time\" content=\"2021-09-01T21:21:57+00:00\" \/>\n<meta name=\"twitter:card\" content=\"summary_large_image\" \/>\n<meta name=\"twitter:label1\" content=\"Szacowany czas czytania\" \/>\n\t<meta name=\"twitter:data1\" content=\"1 minuta\" \/>\n<script type=\"application\/ld+json\" class=\"yoast-schema-graph\">{\"@context\":\"https:\/\/schema.org\",\"@graph\":[{\"@type\":\"WebPage\",\"@id\":\"https:\/\/standardypjm.pl\/?page_id=1977\",\"url\":\"https:\/\/standardypjm.pl\/?page_id=1977\",\"name\":\"Stosowanie \u015brodk\u00f3w j\u0119zykowych: zakres og\u00f3lny (A2) - Standardy Edukacyjne dla polskiego j\u0119zyka migowego\",\"isPartOf\":{\"@id\":\"https:\/\/standardypjm.pl\/?lang=pl_PL\/#website\"},\"datePublished\":\"2021-09-01T21:16:55+00:00\",\"dateModified\":\"2021-09-01T21:21:57+00:00\",\"breadcrumb\":{\"@id\":\"https:\/\/standardypjm.pl\/?page_id=1977#breadcrumb\"},\"inLanguage\":\"pl-PL\",\"potentialAction\":[{\"@type\":\"ReadAction\",\"target\":[\"https:\/\/standardypjm.pl\/?page_id=1977\"]}]},{\"@type\":\"BreadcrumbList\",\"@id\":\"https:\/\/standardypjm.pl\/?page_id=1977#breadcrumb\",\"itemListElement\":[{\"@type\":\"ListItem\",\"position\":1,\"name\":\"Home\",\"item\":\"https:\/\/standardypjm.pl\/?lang=pl_PL\"},{\"@type\":\"ListItem\",\"position\":2,\"name\":\"Komunikacyjne kompetencje j\u0119zykowe\",\"item\":\"https:\/\/standardypjm.pl\/?page_id=1250&lang=pl_PL\"},{\"@type\":\"ListItem\",\"position\":3,\"name\":\"Stosowanie \u015brodk\u00f3w j\u0119zykowych: zakres og\u00f3lny (A2)\"}]},{\"@type\":\"WebSite\",\"@id\":\"https:\/\/standardypjm.pl\/?lang=pl_PL\/#website\",\"url\":\"https:\/\/standardypjm.pl\/?lang=pl_PL\/\",\"name\":\"Standardy Edukacyjne dla polskiego j\u0119zyka migowego\",\"description\":\"\",\"potentialAction\":[{\"@type\":\"SearchAction\",\"target\":{\"@type\":\"EntryPoint\",\"urlTemplate\":\"https:\/\/standardypjm.pl\/?lang=pl_PL\/?s={search_term_string}\"},\"query-input\":{\"@type\":\"PropertyValueSpecification\",\"valueRequired\":true,\"valueName\":\"search_term_string\"}}],\"inLanguage\":\"pl-PL\"}]}<\/script>\n<!-- \/ Yoast SEO plugin. -->","yoast_head_json":{"title":"Stosowanie \u015brodk\u00f3w j\u0119zykowych: zakres og\u00f3lny (A2) - Standardy Edukacyjne dla polskiego j\u0119zyka migowego","robots":{"index":"index","follow":"follow","max-snippet":"max-snippet:-1","max-image-preview":"max-image-preview:large","max-video-preview":"max-video-preview:-1"},"canonical":"https:\/\/standardypjm.pl\/?page_id=1977","og_locale":"pl_PL","og_type":"article","og_title":"Stosowanie \u015brodk\u00f3w j\u0119zykowych: zakres og\u00f3lny (A2) - Standardy Edukacyjne dla polskiego j\u0119zyka migowego","og_url":"https:\/\/standardypjm.pl\/?page_id=1977","og_site_name":"Standardy Edukacyjne dla polskiego j\u0119zyka migowego","article_modified_time":"2021-09-01T21:21:57+00:00","twitter_card":"summary_large_image","twitter_misc":{"Szacowany czas czytania":"1 minuta"},"schema":{"@context":"https:\/\/schema.org","@graph":[{"@type":"WebPage","@id":"https:\/\/standardypjm.pl\/?page_id=1977","url":"https:\/\/standardypjm.pl\/?page_id=1977","name":"Stosowanie \u015brodk\u00f3w j\u0119zykowych: zakres og\u00f3lny (A2) - Standardy Edukacyjne dla polskiego j\u0119zyka migowego","isPartOf":{"@id":"https:\/\/standardypjm.pl\/?lang=pl_PL\/#website"},"datePublished":"2021-09-01T21:16:55+00:00","dateModified":"2021-09-01T21:21:57+00:00","breadcrumb":{"@id":"https:\/\/standardypjm.pl\/?page_id=1977#breadcrumb"},"inLanguage":"pl-PL","potentialAction":[{"@type":"ReadAction","target":["https:\/\/standardypjm.pl\/?page_id=1977"]}]},{"@type":"BreadcrumbList","@id":"https:\/\/standardypjm.pl\/?page_id=1977#breadcrumb","itemListElement":[{"@type":"ListItem","position":1,"name":"Home","item":"https:\/\/standardypjm.pl\/?lang=pl_PL"},{"@type":"ListItem","position":2,"name":"Komunikacyjne kompetencje j\u0119zykowe","item":"https:\/\/standardypjm.pl\/?page_id=1250&lang=pl_PL"},{"@type":"ListItem","position":3,"name":"Stosowanie \u015brodk\u00f3w j\u0119zykowych: zakres og\u00f3lny (A2)"}]},{"@type":"WebSite","@id":"https:\/\/standardypjm.pl\/?lang=pl_PL\/#website","url":"https:\/\/standardypjm.pl\/?lang=pl_PL\/","name":"Standardy Edukacyjne dla polskiego j\u0119zyka migowego","description":"","potentialAction":[{"@type":"SearchAction","target":{"@type":"EntryPoint","urlTemplate":"https:\/\/standardypjm.pl\/?lang=pl_PL\/?s={search_term_string}"},"query-input":{"@type":"PropertyValueSpecification","valueRequired":true,"valueName":"search_term_string"}}],"inLanguage":"pl-PL"}]}},"_links":{"self":[{"href":"https:\/\/standardypjm.pl?lang=pl_PL%2Findex.php&rest_route=\/wp\/v2\/pages\/1977"}],"collection":[{"href":"https:\/\/standardypjm.pl?lang=pl_PL%2Findex.php&rest_route=\/wp\/v2\/pages"}],"about":[{"href":"https:\/\/standardypjm.pl?lang=pl_PL%2Findex.php&rest_route=\/wp\/v2\/types\/page"}],"author":[{"embeddable":true,"href":"https:\/\/standardypjm.pl?lang=pl_PL%2Findex.php&rest_route=\/wp\/v2\/users\/1"}],"replies":[{"embeddable":true,"href":"https:\/\/standardypjm.pl?lang=pl_PL%2Findex.php&rest_route=%2Fwp%2Fv2%2Fcomments&post=1977"}],"version-history":[{"count":3,"href":"https:\/\/standardypjm.pl?lang=pl_PL%2Findex.php&rest_route=\/wp\/v2\/pages\/1977\/revisions"}],"predecessor-version":[{"id":1984,"href":"https:\/\/standardypjm.pl?lang=pl_PL%2Findex.php&rest_route=\/wp\/v2\/pages\/1977\/revisions\/1984"}],"up":[{"embeddable":true,"href":"https:\/\/standardypjm.pl?lang=pl_PL%2Findex.php&rest_route=\/wp\/v2\/pages\/1250"}],"wp:attachment":[{"href":"https:\/\/standardypjm.pl?lang=pl_PL%2Findex.php&rest_route=%2Fwp%2Fv2%2Fmedia&parent=1977"}],"curies":[{"name":"wp","href":"https:\/\/api.w.org\/{rel}","templated":true}]}}