{"id":159,"date":"2020-09-02T13:54:49","date_gmt":"2020-09-02T11:54:49","guid":{"rendered":"http:\/\/standardypjm.pl\/?page_id=159"},"modified":"2021-04-13T17:00:38","modified_gmt":"2021-04-13T15:00:38","slug":"o-nas-2","status":"publish","type":"page","link":"https:\/\/standardypjm.pl\/?page_id=159&lang=pl_PL","title":{"rendered":"O nas"},"content":{"rendered":"<p>Projekt jest wdra\u017cany w partnerstwie 3 instytucji: <\/p>\n<ul class=\"wp-block-list\">\n<li><a href=\"http:\/\/standardypjm.pl\/?page_id=9&amp;lang=pl_PL\">Polski Zwi\u0105zek g\u0142uchych Oddzia\u0142 \u0141\u00f3dzki (lider projektu, Polska)<\/a><\/li>\n<li><a href=\"http:\/\/standardypjm.pl\/?page_id=73&amp;lang=pl_PL\">Pracownia Lingwistyki Migowej Wydzia\u0142 polonistyki Uniwersytet Warszawski (partner w projekcie, Polska)<\/a><\/li>\n<li><a href=\"http:\/\/standardypjm.pl\/?page_id=78&amp;lang=pl_PL\">Centrum Komunikacji dla G\u0142uchych i S\u0142abos\u0142ysz\u0105cych (partner w projekcie, Islandia).  <\/a><\/li>\n<\/ul>\n","protected":false},"excerpt":{"rendered":"<p><!-- wp:paragraph --><\/p>\n<p>Projekt jest wdra\u017cany w partnerstwie 3 instytucji: <\/p>\n<p><!-- \/wp:paragraph --><\/p>\n<p><!-- wp:list --><\/p>\n<ul>\n<li><a href=\"http:\/\/standardypjm.pl\/?page_id=9&amp;lang=pl_PL\">Polski Zwi\u0105zek g\u0142uchych Oddzia\u0142 \u0141\u00f3dzki (lider projektu, Polsk&#8230;<br \/>\n","protected":false},"author":1,"featured_media":0,"parent":0,"menu_order":0,"comment_status":"closed","ping_status":"closed","template":"","meta":{"footnotes":""},"class_list":["post-159","page","type-page","status-publish","hentry"],"yoast_head":"<!-- This site is optimized with the Yoast SEO plugin v23.8 - https:\/\/yoast.com\/wordpress\/plugins\/seo\/ -->\n<title>O nas - Standardy Edukacyjne dla polskiego j\u0119zyka migowego<\/title>\n<meta name=\"robots\" content=\"index, follow, max-snippet:-1, max-image-preview:large, max-video-preview:-1\" \/>\n<link rel=\"canonical\" href=\"https:\/\/standardypjm.pl\/?page_id=159&lang=pl_PL\" \/>\n<meta property=\"og:locale\" content=\"pl_PL\" \/>\n<meta property=\"og:type\" content=\"article\" \/>\n<meta property=\"og:title\" content=\"O nas - Standardy Edukacyjne dla polskiego j\u0119zyka migowego\" \/>\n<meta property=\"og:description\" content=\"Projekt jest wdra\u017cany w partnerstwie 3 instytucji:   Polski Zwi\u0105zek g\u0142uchych Oddzia\u0142 \u0141\u00f3dzki (lider projektu, Polsk...\" \/>\n<meta property=\"og:url\" content=\"https:\/\/standardypjm.pl\/?page_id=159&amp;lang=pl_PL\" \/>\n<meta property=\"og:site_name\" content=\"Standardy Edukacyjne dla polskiego j\u0119zyka migowego\" \/>\n<meta property=\"article:modified_time\" content=\"2021-04-13T15:00:38+00:00\" \/>\n<meta name=\"twitter:card\" content=\"summary_large_image\" \/>\n<script type=\"application\/ld+json\" class=\"yoast-schema-graph\">{\"@context\":\"https:\/\/schema.org\",\"@graph\":[{\"@type\":\"WebPage\",\"@id\":\"https:\/\/standardypjm.pl\/?page_id=159&lang=pl_PL\",\"url\":\"https:\/\/standardypjm.pl\/?page_id=159&lang=pl_PL\",\"name\":\"O nas - Standardy Edukacyjne dla polskiego j\u0119zyka migowego\",\"isPartOf\":{\"@id\":\"https:\/\/standardypjm.pl\/?lang=pl_PL\/#website\"},\"datePublished\":\"2020-09-02T11:54:49+00:00\",\"dateModified\":\"2021-04-13T15:00:38+00:00\",\"breadcrumb\":{\"@id\":\"https:\/\/standardypjm.pl\/?page_id=159&lang=pl_PL#breadcrumb\"},\"inLanguage\":\"pl-PL\",\"potentialAction\":[{\"@type\":\"ReadAction\",\"target\":[\"https:\/\/standardypjm.pl\/?page_id=159&lang=pl_PL\"]}]},{\"@type\":\"BreadcrumbList\",\"@id\":\"https:\/\/standardypjm.pl\/?page_id=159&lang=pl_PL#breadcrumb\",\"itemListElement\":[{\"@type\":\"ListItem\",\"position\":1,\"name\":\"Home\",\"item\":\"https:\/\/standardypjm.pl\/?lang=pl_PL\"},{\"@type\":\"ListItem\",\"position\":2,\"name\":\"O nas\"}]},{\"@type\":\"WebSite\",\"@id\":\"https:\/\/standardypjm.pl\/?lang=pl_PL\/#website\",\"url\":\"https:\/\/standardypjm.pl\/?lang=pl_PL\/\",\"name\":\"Standardy Edukacyjne dla polskiego j\u0119zyka migowego\",\"description\":\"\",\"potentialAction\":[{\"@type\":\"SearchAction\",\"target\":{\"@type\":\"EntryPoint\",\"urlTemplate\":\"https:\/\/standardypjm.pl\/?lang=pl_PL\/?s={search_term_string}\"},\"query-input\":{\"@type\":\"PropertyValueSpecification\",\"valueRequired\":true,\"valueName\":\"search_term_string\"}}],\"inLanguage\":\"pl-PL\"}]}<\/script>\n<!-- \/ Yoast SEO plugin. -->","yoast_head_json":{"title":"O nas - Standardy Edukacyjne dla polskiego j\u0119zyka migowego","robots":{"index":"index","follow":"follow","max-snippet":"max-snippet:-1","max-image-preview":"max-image-preview:large","max-video-preview":"max-video-preview:-1"},"canonical":"https:\/\/standardypjm.pl\/?page_id=159&lang=pl_PL","og_locale":"pl_PL","og_type":"article","og_title":"O nas - Standardy Edukacyjne dla polskiego j\u0119zyka migowego","og_description":"Projekt jest wdra\u017cany w partnerstwie 3 instytucji:   Polski Zwi\u0105zek g\u0142uchych Oddzia\u0142 \u0141\u00f3dzki (lider projektu, Polsk...","og_url":"https:\/\/standardypjm.pl\/?page_id=159&lang=pl_PL","og_site_name":"Standardy Edukacyjne dla polskiego j\u0119zyka migowego","article_modified_time":"2021-04-13T15:00:38+00:00","twitter_card":"summary_large_image","schema":{"@context":"https:\/\/schema.org","@graph":[{"@type":"WebPage","@id":"https:\/\/standardypjm.pl\/?page_id=159&lang=pl_PL","url":"https:\/\/standardypjm.pl\/?page_id=159&lang=pl_PL","name":"O nas - Standardy Edukacyjne dla polskiego j\u0119zyka migowego","isPartOf":{"@id":"https:\/\/standardypjm.pl\/?lang=pl_PL\/#website"},"datePublished":"2020-09-02T11:54:49+00:00","dateModified":"2021-04-13T15:00:38+00:00","breadcrumb":{"@id":"https:\/\/standardypjm.pl\/?page_id=159&lang=pl_PL#breadcrumb"},"inLanguage":"pl-PL","potentialAction":[{"@type":"ReadAction","target":["https:\/\/standardypjm.pl\/?page_id=159&lang=pl_PL"]}]},{"@type":"BreadcrumbList","@id":"https:\/\/standardypjm.pl\/?page_id=159&lang=pl_PL#breadcrumb","itemListElement":[{"@type":"ListItem","position":1,"name":"Home","item":"https:\/\/standardypjm.pl\/?lang=pl_PL"},{"@type":"ListItem","position":2,"name":"O nas"}]},{"@type":"WebSite","@id":"https:\/\/standardypjm.pl\/?lang=pl_PL\/#website","url":"https:\/\/standardypjm.pl\/?lang=pl_PL\/","name":"Standardy Edukacyjne dla polskiego j\u0119zyka migowego","description":"","potentialAction":[{"@type":"SearchAction","target":{"@type":"EntryPoint","urlTemplate":"https:\/\/standardypjm.pl\/?lang=pl_PL\/?s={search_term_string}"},"query-input":{"@type":"PropertyValueSpecification","valueRequired":true,"valueName":"search_term_string"}}],"inLanguage":"pl-PL"}]}},"_links":{"self":[{"href":"https:\/\/standardypjm.pl?lang=pl_PL%2Findex.php&rest_route=\/wp\/v2\/pages\/159"}],"collection":[{"href":"https:\/\/standardypjm.pl?lang=pl_PL%2Findex.php&rest_route=\/wp\/v2\/pages"}],"about":[{"href":"https:\/\/standardypjm.pl?lang=pl_PL%2Findex.php&rest_route=\/wp\/v2\/types\/page"}],"author":[{"embeddable":true,"href":"https:\/\/standardypjm.pl?lang=pl_PL%2Findex.php&rest_route=\/wp\/v2\/users\/1"}],"replies":[{"embeddable":true,"href":"https:\/\/standardypjm.pl?lang=pl_PL%2Findex.php&rest_route=%2Fwp%2Fv2%2Fcomments&post=159"}],"version-history":[{"count":12,"href":"https:\/\/standardypjm.pl?lang=pl_PL%2Findex.php&rest_route=\/wp\/v2\/pages\/159\/revisions"}],"predecessor-version":[{"id":296,"href":"https:\/\/standardypjm.pl?lang=pl_PL%2Findex.php&rest_route=\/wp\/v2\/pages\/159\/revisions\/296"}],"wp:attachment":[{"href":"https:\/\/standardypjm.pl?lang=pl_PL%2Findex.php&rest_route=%2Fwp%2Fv2%2Fmedia&parent=159"}],"curies":[{"name":"wp","href":"https:\/\/api.w.org\/{rel}","templated":true}]}}