{"id":13,"date":"2020-09-01T15:47:02","date_gmt":"2020-09-01T13:47:02","guid":{"rendered":"http:\/\/standardypjm.pl\/?page_id=13"},"modified":"2021-05-18T15:01:07","modified_gmt":"2021-05-18T13:01:07","slug":"glowna","status":"publish","type":"page","link":"https:\/\/standardypjm.pl\/?lang=pl_PL","title":{"rendered":"Wsparcie finansowe Funduszy EOG oraz bud\u017cetu pa\u0144stwa"},"content":{"rendered":"<hr class=\"wp-block-separator\"\/>\n<p><span style=\"font-size: Large\">Projekt \u201eStandardy edukacyjne dla polskiego j\u0119zyka migowego\u201d korzysta z dofinansowania o warto\u015bci 101 945,60 Euro otrzymanego od Islandii, Liechtensteinu i Norwegii w ramach Funduszy EOG.<\/span><\/p>\n<figure class=\"wp-block-image size-large is-resized\"><img fetchpriority=\"high\" decoding=\"async\" src=\"https:\/\/standardypjm.pl\/wp-content\/uploads\/2021\/05\/EEA_grants@4x-1024x718.png\" alt=\"\" class=\"wp-image-393\" width=\"512\" height=\"359\" srcset=\"https:\/\/standardypjm.pl\/wp-content\/uploads\/2021\/05\/EEA_grants@4x-1024x718.png 1024w, https:\/\/standardypjm.pl\/wp-content\/uploads\/2021\/05\/EEA_grants@4x-300x210.png 300w, https:\/\/standardypjm.pl\/wp-content\/uploads\/2021\/05\/EEA_grants@4x-768x538.png 768w, https:\/\/standardypjm.pl\/wp-content\/uploads\/2021\/05\/EEA_grants@4x-1536x1076.png 1536w, https:\/\/standardypjm.pl\/wp-content\/uploads\/2021\/05\/EEA_grants@4x.png 1674w\" sizes=\"(max-width: 512px) 100vw, 512px\" \/><\/figure>\n<p><span style=\"font-size: Large\">Projekt \u201eStandardy edukacyjne dla polskiego j\u0119zyka migowego\u201d korzysta z dofinansowania o warto\u015bci 17 990,40 Euro otrzymanego z bud\u017cetu pa\u0144stwa.<\/span><\/p>\n<figure class=\"wp-block-image size-large\"><img decoding=\"async\" width=\"1024\" height=\"341\" src=\"https:\/\/standardypjm.pl\/wp-content\/uploads\/2021\/05\/znaki_strona_www-1024x341.png\" alt=\"\" class=\"wp-image-380\" srcset=\"https:\/\/standardypjm.pl\/wp-content\/uploads\/2021\/05\/znaki_strona_www-1024x341.png 1024w, https:\/\/standardypjm.pl\/wp-content\/uploads\/2021\/05\/znaki_strona_www-300x100.png 300w, https:\/\/standardypjm.pl\/wp-content\/uploads\/2021\/05\/znaki_strona_www-768x256.png 768w, https:\/\/standardypjm.pl\/wp-content\/uploads\/2021\/05\/znaki_strona_www.png 1345w\" sizes=\"(max-width: 706px) 89vw, (max-width: 767px) 82vw, 740px\" \/><\/figure>\n<div style=\"height:100px\" aria-hidden=\"true\" class=\"wp-block-spacer\"><\/div>\n<p><span style=\"font-size: Large\">Celem projektu \u201eStandardy edukacyjne dla polskiego j\u0119zyka migowego\u201d jest stworzenie warunk\u00f3w do poprawy jako\u015bci edukacji w\u0142\u0105czaj\u0105cej dla uczni\u00f3w wymagaj\u0105cych komunikacji i nauczania z wykorzystaniem polskiego j\u0119zyka migowego.<\/span><\/p>\n<div style=\"height:100px\" aria-hidden=\"true\" class=\"wp-block-spacer\"><\/div>\n<figure class=\"wp-block-video\"><video controls src=\"https:\/\/standardypjm.pl\/wp-content\/uploads\/2021\/04\/dofinansowanie.mp4\"><\/video><\/figure>\n","protected":false},"excerpt":{"rendered":"<p><!-- wp:separator --><\/p>\n<hr class=\"wp-block-separator\"\/>\n<!-- \/wp:separator --><\/p>\n<p><!-- wp:html --><\/p>\n<p><span style=\"font-size: Large\">Projekt \u201eStandardy edukacyjne dla polskiego j\u0119zyka migowego\u201d korzysta z dofinansowania o warto\u015bci 101 945,60 Euro otrzym&#8230;<\/p>\n","protected":false},"author":1,"featured_media":0,"parent":0,"menu_order":0,"comment_status":"closed","ping_status":"closed","template":"","meta":{"footnotes":""},"class_list":["post-13","page","type-page","status-publish","hentry"],"yoast_head":"<!-- This site is optimized with the Yoast SEO plugin v23.8 - https:\/\/yoast.com\/wordpress\/plugins\/seo\/ -->\n<title>Wsparcie finansowe Funduszy EOG oraz bud\u017cetu pa\u0144stwa - Standardy Edukacyjne dla polskiego j\u0119zyka migowego<\/title>\n<meta name=\"robots\" content=\"index, follow, max-snippet:-1, max-image-preview:large, max-video-preview:-1\" \/>\n<link rel=\"canonical\" href=\"https:\/\/standardypjm.pl\/?lang=pl_PL\" \/>\n<meta property=\"og:locale\" content=\"pl_PL\" \/>\n<meta property=\"og:type\" content=\"article\" \/>\n<meta property=\"og:title\" content=\"Wsparcie finansowe Funduszy EOG oraz bud\u017cetu pa\u0144stwa - Standardy Edukacyjne dla polskiego j\u0119zyka migowego\" \/>\n<meta property=\"og:description\" content=\"Projekt \u201eStandardy edukacyjne dla polskiego j\u0119zyka migowego\u201d korzysta z dofinansowania o warto\u015bci 101 945,60 Euro otrzym...\" \/>\n<meta property=\"og:url\" content=\"https:\/\/standardypjm.pl\/?lang=pl_PL\" \/>\n<meta property=\"og:site_name\" content=\"Standardy Edukacyjne dla polskiego j\u0119zyka migowego\" \/>\n<meta property=\"article:modified_time\" content=\"2021-05-18T13:01:07+00:00\" \/>\n<meta property=\"og:image\" content=\"https:\/\/standardypjm.pl\/wp-content\/uploads\/2021\/05\/EEA_grants@4x-1024x718.png\" \/>\n<meta name=\"twitter:card\" content=\"summary_large_image\" \/>\n<script type=\"application\/ld+json\" class=\"yoast-schema-graph\">{\"@context\":\"https:\/\/schema.org\",\"@graph\":[{\"@type\":\"WebPage\",\"@id\":\"https:\/\/standardypjm.pl\/?lang=pl_PL\",\"url\":\"https:\/\/standardypjm.pl\/?lang=pl_PL\",\"name\":\"Wsparcie finansowe Funduszy EOG oraz bud\u017cetu pa\u0144stwa - Standardy Edukacyjne dla polskiego j\u0119zyka migowego\",\"isPartOf\":{\"@id\":\"https:\/\/standardypjm.pl\/?lang=pl_PL\/#website\"},\"primaryImageOfPage\":{\"@id\":\"https:\/\/standardypjm.pl\/?lang=pl_PL#primaryimage\"},\"image\":{\"@id\":\"https:\/\/standardypjm.pl\/?lang=pl_PL#primaryimage\"},\"thumbnailUrl\":\"https:\/\/standardypjm.pl\/wp-content\/uploads\/2021\/05\/EEA_grants@4x-1024x718.png\",\"datePublished\":\"2020-09-01T13:47:02+00:00\",\"dateModified\":\"2021-05-18T13:01:07+00:00\",\"breadcrumb\":{\"@id\":\"https:\/\/standardypjm.pl\/?lang=pl_PL#breadcrumb\"},\"inLanguage\":\"pl-PL\",\"potentialAction\":[{\"@type\":\"ReadAction\",\"target\":[\"https:\/\/standardypjm.pl\/?lang=pl_PL\"]}]},{\"@type\":\"ImageObject\",\"inLanguage\":\"pl-PL\",\"@id\":\"https:\/\/standardypjm.pl\/?lang=pl_PL#primaryimage\",\"url\":\"https:\/\/standardypjm.pl\/wp-content\/uploads\/2021\/05\/EEA_grants@4x.png\",\"contentUrl\":\"https:\/\/standardypjm.pl\/wp-content\/uploads\/2021\/05\/EEA_grants@4x.png\",\"width\":1674,\"height\":1173},{\"@type\":\"BreadcrumbList\",\"@id\":\"https:\/\/standardypjm.pl\/?lang=pl_PL#breadcrumb\",\"itemListElement\":[{\"@type\":\"ListItem\",\"position\":1,\"name\":\"Home\",\"item\":\"https:\/\/standardypjm.pl\/?lang=pl_PL\"},{\"@type\":\"ListItem\",\"position\":2,\"name\":\"Wsparcie finansowe Funduszy EOG oraz bud\u017cetu pa\u0144stwa\"}]},{\"@type\":\"WebSite\",\"@id\":\"https:\/\/standardypjm.pl\/?lang=pl_PL\/#website\",\"url\":\"https:\/\/standardypjm.pl\/?lang=pl_PL\/\",\"name\":\"Standardy Edukacyjne dla polskiego j\u0119zyka migowego\",\"description\":\"\",\"potentialAction\":[{\"@type\":\"SearchAction\",\"target\":{\"@type\":\"EntryPoint\",\"urlTemplate\":\"https:\/\/standardypjm.pl\/?lang=pl_PL\/?s={search_term_string}\"},\"query-input\":{\"@type\":\"PropertyValueSpecification\",\"valueRequired\":true,\"valueName\":\"search_term_string\"}}],\"inLanguage\":\"pl-PL\"}]}<\/script>\n<!-- \/ Yoast SEO plugin. -->","yoast_head_json":{"title":"Wsparcie finansowe Funduszy EOG oraz bud\u017cetu pa\u0144stwa - Standardy Edukacyjne dla polskiego j\u0119zyka migowego","robots":{"index":"index","follow":"follow","max-snippet":"max-snippet:-1","max-image-preview":"max-image-preview:large","max-video-preview":"max-video-preview:-1"},"canonical":"https:\/\/standardypjm.pl\/?lang=pl_PL","og_locale":"pl_PL","og_type":"article","og_title":"Wsparcie finansowe Funduszy EOG oraz bud\u017cetu pa\u0144stwa - Standardy Edukacyjne dla polskiego j\u0119zyka migowego","og_description":"Projekt \u201eStandardy edukacyjne dla polskiego j\u0119zyka migowego\u201d korzysta z dofinansowania o warto\u015bci 101 945,60 Euro otrzym...","og_url":"https:\/\/standardypjm.pl\/?lang=pl_PL","og_site_name":"Standardy Edukacyjne dla polskiego j\u0119zyka migowego","article_modified_time":"2021-05-18T13:01:07+00:00","og_image":[{"url":"https:\/\/standardypjm.pl\/wp-content\/uploads\/2021\/05\/EEA_grants@4x-1024x718.png"}],"twitter_card":"summary_large_image","schema":{"@context":"https:\/\/schema.org","@graph":[{"@type":"WebPage","@id":"https:\/\/standardypjm.pl\/?lang=pl_PL","url":"https:\/\/standardypjm.pl\/?lang=pl_PL","name":"Wsparcie finansowe Funduszy EOG oraz bud\u017cetu pa\u0144stwa - Standardy Edukacyjne dla polskiego j\u0119zyka migowego","isPartOf":{"@id":"https:\/\/standardypjm.pl\/?lang=pl_PL\/#website"},"primaryImageOfPage":{"@id":"https:\/\/standardypjm.pl\/?lang=pl_PL#primaryimage"},"image":{"@id":"https:\/\/standardypjm.pl\/?lang=pl_PL#primaryimage"},"thumbnailUrl":"https:\/\/standardypjm.pl\/wp-content\/uploads\/2021\/05\/EEA_grants@4x-1024x718.png","datePublished":"2020-09-01T13:47:02+00:00","dateModified":"2021-05-18T13:01:07+00:00","breadcrumb":{"@id":"https:\/\/standardypjm.pl\/?lang=pl_PL#breadcrumb"},"inLanguage":"pl-PL","potentialAction":[{"@type":"ReadAction","target":["https:\/\/standardypjm.pl\/?lang=pl_PL"]}]},{"@type":"ImageObject","inLanguage":"pl-PL","@id":"https:\/\/standardypjm.pl\/?lang=pl_PL#primaryimage","url":"https:\/\/standardypjm.pl\/wp-content\/uploads\/2021\/05\/EEA_grants@4x.png","contentUrl":"https:\/\/standardypjm.pl\/wp-content\/uploads\/2021\/05\/EEA_grants@4x.png","width":1674,"height":1173},{"@type":"BreadcrumbList","@id":"https:\/\/standardypjm.pl\/?lang=pl_PL#breadcrumb","itemListElement":[{"@type":"ListItem","position":1,"name":"Home","item":"https:\/\/standardypjm.pl\/?lang=pl_PL"},{"@type":"ListItem","position":2,"name":"Wsparcie finansowe Funduszy EOG oraz bud\u017cetu pa\u0144stwa"}]},{"@type":"WebSite","@id":"https:\/\/standardypjm.pl\/?lang=pl_PL\/#website","url":"https:\/\/standardypjm.pl\/?lang=pl_PL\/","name":"Standardy Edukacyjne dla polskiego j\u0119zyka migowego","description":"","potentialAction":[{"@type":"SearchAction","target":{"@type":"EntryPoint","urlTemplate":"https:\/\/standardypjm.pl\/?lang=pl_PL\/?s={search_term_string}"},"query-input":{"@type":"PropertyValueSpecification","valueRequired":true,"valueName":"search_term_string"}}],"inLanguage":"pl-PL"}]}},"_links":{"self":[{"href":"https:\/\/standardypjm.pl?lang=pl_PL%2Findex.php&rest_route=\/wp\/v2\/pages\/13"}],"collection":[{"href":"https:\/\/standardypjm.pl?lang=pl_PL%2Findex.php&rest_route=\/wp\/v2\/pages"}],"about":[{"href":"https:\/\/standardypjm.pl?lang=pl_PL%2Findex.php&rest_route=\/wp\/v2\/types\/page"}],"author":[{"embeddable":true,"href":"https:\/\/standardypjm.pl?lang=pl_PL%2Findex.php&rest_route=\/wp\/v2\/users\/1"}],"replies":[{"embeddable":true,"href":"https:\/\/standardypjm.pl?lang=pl_PL%2Findex.php&rest_route=%2Fwp%2Fv2%2Fcomments&post=13"}],"version-history":[{"count":79,"href":"https:\/\/standardypjm.pl?lang=pl_PL%2Findex.php&rest_route=\/wp\/v2\/pages\/13\/revisions"}],"predecessor-version":[{"id":425,"href":"https:\/\/standardypjm.pl?lang=pl_PL%2Findex.php&rest_route=\/wp\/v2\/pages\/13\/revisions\/425"}],"wp:attachment":[{"href":"https:\/\/standardypjm.pl?lang=pl_PL%2Findex.php&rest_route=%2Fwp%2Fv2%2Fmedia&parent=13"}],"curies":[{"name":"wp","href":"https:\/\/api.w.org\/{rel}","templated":true}]}}