{"id":1319,"date":"2021-08-13T23:54:36","date_gmt":"2021-08-13T21:54:36","guid":{"rendered":"https:\/\/standardypjm.pl\/?page_id=1319"},"modified":"2021-08-13T23:54:36","modified_gmt":"2021-08-13T21:54:36","slug":"precyzja-wypowiedzi-a1","status":"publish","type":"page","link":"https:\/\/standardypjm.pl\/?page_id=1319&lang=pl_PL","title":{"rendered":"Precyzja wypowiedzi (A1)"},"content":{"rendered":"<div class=\"wp-block-media-text alignwide is-stacked-on-mobile\" style=\"grid-template-columns:60% auto\">\n<figure class=\"wp-block-media-text__media\"><video controls src=\"https:\/\/standardypjm.pl\/wp-content\/uploads\/2021\/08\/a1-78.mp4\"><\/video><\/figure>\n<div class=\"wp-block-media-text__content\">\n<p class=\"has-normal-font-size\">Potrafi wyra\u017ca\u0107 podstawowe informacje o sobie i w prosty spos\u00f3b sygnalizowa\u0107 konkretne potrzeby.<\/p>\n<\/div>\n<\/div>\n","protected":false},"excerpt":{"rendered":"<p><!-- wp:media-text {\"mediaId\":519,\"mediaLink\":\"https:\/\/standardypjm.pl\/?attachment_id=519\\u0026lang=pl_PL\",\"mediaType\":\"video\",\"mediaWidth\":60} --><\/p>\n<div class=\"wp-block-media-text alignwide is-stacked-on-mobile\" style=\"grid-template-columns:60% auto\"... \n\n","protected":false},"author":1,"featured_media":0,"parent":1250,"menu_order":0,"comment_status":"closed","ping_status":"closed","template":"","meta":{"footnotes":""},"class_list":["post-1319","page","type-page","status-publish","hentry"],"yoast_head":"<!-- This site is optimized with the Yoast SEO plugin v23.8 - https:\/\/yoast.com\/wordpress\/plugins\/seo\/ -->\n<title>Precyzja wypowiedzi (A1) - Standardy Edukacyjne dla polskiego j\u0119zyka migowego<\/title>\n<meta name=\"robots\" content=\"index, follow, max-snippet:-1, max-image-preview:large, max-video-preview:-1\" \/>\n<link rel=\"canonical\" href=\"https:\/\/standardypjm.pl\/?page_id=1319\" \/>\n<meta property=\"og:locale\" content=\"pl_PL\" \/>\n<meta property=\"og:type\" content=\"article\" \/>\n<meta property=\"og:title\" content=\"Precyzja wypowiedzi (A1) - Standardy Edukacyjne dla polskiego j\u0119zyka migowego\" \/>\n<meta property=\"og:url\" content=\"https:\/\/standardypjm.pl\/?page_id=1319\" \/>\n<meta property=\"og:site_name\" content=\"Standardy Edukacyjne dla polskiego j\u0119zyka migowego\" \/>\n<meta name=\"twitter:card\" content=\"summary_large_image\" \/>\n<meta name=\"twitter:label1\" content=\"Szacowany czas czytania\" \/>\n\t<meta name=\"twitter:data1\" content=\"1 minuta\" \/>\n<script type=\"application\/ld+json\" class=\"yoast-schema-graph\">{\"@context\":\"https:\/\/schema.org\",\"@graph\":[{\"@type\":\"WebPage\",\"@id\":\"https:\/\/standardypjm.pl\/?page_id=1319\",\"url\":\"https:\/\/standardypjm.pl\/?page_id=1319\",\"name\":\"Precyzja wypowiedzi (A1) - Standardy Edukacyjne dla polskiego j\u0119zyka migowego\",\"isPartOf\":{\"@id\":\"https:\/\/standardypjm.pl\/?lang=pl_PL\/#website\"},\"datePublished\":\"2021-08-13T21:54:36+00:00\",\"dateModified\":\"2021-08-13T21:54:36+00:00\",\"breadcrumb\":{\"@id\":\"https:\/\/standardypjm.pl\/?page_id=1319#breadcrumb\"},\"inLanguage\":\"pl-PL\",\"potentialAction\":[{\"@type\":\"ReadAction\",\"target\":[\"https:\/\/standardypjm.pl\/?page_id=1319\"]}]},{\"@type\":\"BreadcrumbList\",\"@id\":\"https:\/\/standardypjm.pl\/?page_id=1319#breadcrumb\",\"itemListElement\":[{\"@type\":\"ListItem\",\"position\":1,\"name\":\"Home\",\"item\":\"https:\/\/standardypjm.pl\/?lang=pl_PL\"},{\"@type\":\"ListItem\",\"position\":2,\"name\":\"Komunikacyjne kompetencje j\u0119zykowe\",\"item\":\"https:\/\/standardypjm.pl\/?page_id=1250&lang=pl_PL\"},{\"@type\":\"ListItem\",\"position\":3,\"name\":\"Precyzja wypowiedzi (A1)\"}]},{\"@type\":\"WebSite\",\"@id\":\"https:\/\/standardypjm.pl\/?lang=pl_PL\/#website\",\"url\":\"https:\/\/standardypjm.pl\/?lang=pl_PL\/\",\"name\":\"Standardy Edukacyjne dla polskiego j\u0119zyka migowego\",\"description\":\"\",\"potentialAction\":[{\"@type\":\"SearchAction\",\"target\":{\"@type\":\"EntryPoint\",\"urlTemplate\":\"https:\/\/standardypjm.pl\/?lang=pl_PL\/?s={search_term_string}\"},\"query-input\":{\"@type\":\"PropertyValueSpecification\",\"valueRequired\":true,\"valueName\":\"search_term_string\"}}],\"inLanguage\":\"pl-PL\"}]}<\/script>\n<!-- \/ Yoast SEO plugin. -->","yoast_head_json":{"title":"Precyzja wypowiedzi (A1) - Standardy Edukacyjne dla polskiego j\u0119zyka migowego","robots":{"index":"index","follow":"follow","max-snippet":"max-snippet:-1","max-image-preview":"max-image-preview:large","max-video-preview":"max-video-preview:-1"},"canonical":"https:\/\/standardypjm.pl\/?page_id=1319","og_locale":"pl_PL","og_type":"article","og_title":"Precyzja wypowiedzi (A1) - Standardy Edukacyjne dla polskiego j\u0119zyka migowego","og_url":"https:\/\/standardypjm.pl\/?page_id=1319","og_site_name":"Standardy Edukacyjne dla polskiego j\u0119zyka migowego","twitter_card":"summary_large_image","twitter_misc":{"Szacowany czas czytania":"1 minuta"},"schema":{"@context":"https:\/\/schema.org","@graph":[{"@type":"WebPage","@id":"https:\/\/standardypjm.pl\/?page_id=1319","url":"https:\/\/standardypjm.pl\/?page_id=1319","name":"Precyzja wypowiedzi (A1) - Standardy Edukacyjne dla polskiego j\u0119zyka migowego","isPartOf":{"@id":"https:\/\/standardypjm.pl\/?lang=pl_PL\/#website"},"datePublished":"2021-08-13T21:54:36+00:00","dateModified":"2021-08-13T21:54:36+00:00","breadcrumb":{"@id":"https:\/\/standardypjm.pl\/?page_id=1319#breadcrumb"},"inLanguage":"pl-PL","potentialAction":[{"@type":"ReadAction","target":["https:\/\/standardypjm.pl\/?page_id=1319"]}]},{"@type":"BreadcrumbList","@id":"https:\/\/standardypjm.pl\/?page_id=1319#breadcrumb","itemListElement":[{"@type":"ListItem","position":1,"name":"Home","item":"https:\/\/standardypjm.pl\/?lang=pl_PL"},{"@type":"ListItem","position":2,"name":"Komunikacyjne kompetencje j\u0119zykowe","item":"https:\/\/standardypjm.pl\/?page_id=1250&lang=pl_PL"},{"@type":"ListItem","position":3,"name":"Precyzja wypowiedzi (A1)"}]},{"@type":"WebSite","@id":"https:\/\/standardypjm.pl\/?lang=pl_PL\/#website","url":"https:\/\/standardypjm.pl\/?lang=pl_PL\/","name":"Standardy Edukacyjne dla polskiego j\u0119zyka migowego","description":"","potentialAction":[{"@type":"SearchAction","target":{"@type":"EntryPoint","urlTemplate":"https:\/\/standardypjm.pl\/?lang=pl_PL\/?s={search_term_string}"},"query-input":{"@type":"PropertyValueSpecification","valueRequired":true,"valueName":"search_term_string"}}],"inLanguage":"pl-PL"}]}},"_links":{"self":[{"href":"https:\/\/standardypjm.pl?lang=pl_PL%2Findex.php&rest_route=\/wp\/v2\/pages\/1319"}],"collection":[{"href":"https:\/\/standardypjm.pl?lang=pl_PL%2Findex.php&rest_route=\/wp\/v2\/pages"}],"about":[{"href":"https:\/\/standardypjm.pl?lang=pl_PL%2Findex.php&rest_route=\/wp\/v2\/types\/page"}],"author":[{"embeddable":true,"href":"https:\/\/standardypjm.pl?lang=pl_PL%2Findex.php&rest_route=\/wp\/v2\/users\/1"}],"replies":[{"embeddable":true,"href":"https:\/\/standardypjm.pl?lang=pl_PL%2Findex.php&rest_route=%2Fwp%2Fv2%2Fcomments&post=1319"}],"version-history":[{"count":2,"href":"https:\/\/standardypjm.pl?lang=pl_PL%2Findex.php&rest_route=\/wp\/v2\/pages\/1319\/revisions"}],"predecessor-version":[{"id":1321,"href":"https:\/\/standardypjm.pl?lang=pl_PL%2Findex.php&rest_route=\/wp\/v2\/pages\/1319\/revisions\/1321"}],"up":[{"embeddable":true,"href":"https:\/\/standardypjm.pl?lang=pl_PL%2Findex.php&rest_route=\/wp\/v2\/pages\/1250"}],"wp:attachment":[{"href":"https:\/\/standardypjm.pl?lang=pl_PL%2Findex.php&rest_route=%2Fwp%2Fv2%2Fmedia&parent=1319"}],"curies":[{"name":"wp","href":"https:\/\/api.w.org\/{rel}","templated":true}]}}